{"id":638,"date":"2020-12-16T13:48:28","date_gmt":"2020-12-16T12:48:28","guid":{"rendered":"https:\/\/klikkerhunden.dk\/tlinedk\/?page_id=638"},"modified":"2023-04-14T11:16:02","modified_gmt":"2023-04-14T09:16:02","slug":"tuppence-t-line-dime","status":"publish","type":"page","link":"https:\/\/klikkerhunden.dk\/tlinedk\/?page_id=638","title":{"rendered":"Tuppence T-line Dime"},"content":{"rendered":"<h5>TUPPENCE:\u00a0T-Line Dime<br \/>\nReg.nr.: DK08900\/2019<br \/>\n<span class=\"dog-title\"><span class=\"title-text\">LP1 LP2 RBM<br \/>\n<\/span><\/span>SIRLB SIFHB<\/h5>\n<p style=\"text-align: center;\"><strong>Tuppence ca.1 \u00e5r gammel: det typiske, glade og ivrige blik: hej du &#8211; hvad skal vi lave?<br \/>\nHvem kan st\u00e5 for de \u00f8jne??<\/strong><\/p>\n<p style=\"text-align: center;\"><strong><br \/>\n<span style=\"color: #ff0000;\">April 2023: Tuppence netop\u00a0konstateret dr\u00e6gtig med Lynx.<\/span><\/strong><\/p>\n<p>Vidunderlig at tr\u00e6ne med og\u00a0lynhurtigt opfattende uanset om det drejer sig om lydighedstr\u00e6ning, nose work, rally, markpr\u00f8vetr\u00e6ning\u00a0eller frivillig h\u00e5ndtering. \u00a0Udholdende, fart og tempo!!<br \/>\nDen k\u00e6rligste og s\u00f8deste kammerat, man kan t\u00e6nke sig &#8211; og altid i godt hum\u00f8r.<\/p>\n<p>&nbsp;<\/p>\n<p><a href=\"https:\/\/klikkerhunden.dk\/tlinedk\/wp-content\/uploads\/2020\/12\/4A922A42-C6DF-4AF5-B445-C5BCD42ADD2B.jpeg\"><img loading=\"lazy\" decoding=\"async\" class=\"aligncenter wp-image-738\" src=\"https:\/\/klikkerhunden.dk\/tlinedk\/wp-content\/uploads\/2020\/12\/4A922A42-C6DF-4AF5-B445-C5BCD42ADD2B-300x203.jpeg\" alt=\"4A922A42-C6DF-4AF5-B445-C5BCD42ADD2B\" width=\"708\" height=\"479\" srcset=\"https:\/\/klikkerhunden.dk\/tlinedk\/wp-content\/uploads\/2020\/12\/4A922A42-C6DF-4AF5-B445-C5BCD42ADD2B-300x203.jpeg 300w, https:\/\/klikkerhunden.dk\/tlinedk\/wp-content\/uploads\/2020\/12\/4A922A42-C6DF-4AF5-B445-C5BCD42ADD2B-768x519.jpeg 768w, https:\/\/klikkerhunden.dk\/tlinedk\/wp-content\/uploads\/2020\/12\/4A922A42-C6DF-4AF5-B445-C5BCD42ADD2B-1024x692.jpeg 1024w, https:\/\/klikkerhunden.dk\/tlinedk\/wp-content\/uploads\/2020\/12\/4A922A42-C6DF-4AF5-B445-C5BCD42ADD2B-1200x811.jpeg 1200w\" sizes=\"auto, (max-width: 708px) 85vw, 708px\" \/><\/a><\/p>\n<p>Tuppences h\u00f8st af rosetter det seneste \u00e5rstid &#8211; passende opsat p\u00e5 portr\u00e6t af en af familiens hundeelskere\u00a0<a href=\"https:\/\/klikkerhunden.dk\/tlinedk\/wp-content\/uploads\/2020\/12\/tempImage2myFnJ.jpg\"><img loading=\"lazy\" decoding=\"async\" class=\"aligncenter size-medium wp-image-742\" src=\"https:\/\/klikkerhunden.dk\/tlinedk\/wp-content\/uploads\/2020\/12\/tempImage2myFnJ-225x300.jpg\" alt=\"tempImage2myFnJ\" width=\"225\" height=\"300\" srcset=\"https:\/\/klikkerhunden.dk\/tlinedk\/wp-content\/uploads\/2020\/12\/tempImage2myFnJ-225x300.jpg 225w, https:\/\/klikkerhunden.dk\/tlinedk\/wp-content\/uploads\/2020\/12\/tempImage2myFnJ-768x1023.jpg 768w, https:\/\/klikkerhunden.dk\/tlinedk\/wp-content\/uploads\/2020\/12\/tempImage2myFnJ-769x1024.jpg 769w, https:\/\/klikkerhunden.dk\/tlinedk\/wp-content\/uploads\/2020\/12\/tempImage2myFnJ-1200x1598.jpg 1200w, https:\/\/klikkerhunden.dk\/tlinedk\/wp-content\/uploads\/2020\/12\/tempImage2myFnJ.jpg 1333w\" sizes=\"auto, (max-width: 225px) 85vw, 225px\" \/><\/a><\/p>\n<p>Tuppence demonstrerer hvordan hun st\u00e5r n\u00e5r hun bliver b\u00f8rstet og f\u00e5r klippet kl\u00f8r:\u00a0\u00a0<a href=\"https:\/\/klikkerhunden.dk\/tlinedk\/wp-content\/uploads\/2020\/12\/EC26BD54-5140-432F-95F6-AF1FA8920797.mov\">EC26BD54-5140-432F-95F6-AF1FA8920797<\/a><\/p>\n<p><a href=\"https:\/\/klikkerhunden.dk\/tlinedk\/wp-content\/uploads\/2020\/12\/IMG_1715.mov\">IMG_1715<\/a>Tuppence 1 \u00e5r til \u00a0nose work tr\u00e6ning<\/p>\n","protected":false},"excerpt":{"rendered":"<p>TUPPENCE:\u00a0T-Line Dime Reg.nr.: DK08900\/2019 LP1 LP2 RBM SIRLB SIFHB Tuppence ca.1 \u00e5r gammel: det typiske, glade og ivrige blik: hej du &#8211; hvad skal vi lave? Hvem kan st\u00e5 for de \u00f8jne?? April 2023: Tuppence netop\u00a0konstateret dr\u00e6gtig med Lynx. Vidunderlig at tr\u00e6ne med og\u00a0lynhurtigt opfattende uanset om det drejer sig om lydighedstr\u00e6ning, nose work, rally, &hellip; <a href=\"https:\/\/klikkerhunden.dk\/tlinedk\/?page_id=638\" class=\"more-link\">L\u00e6s videre<span class=\"screen-reader-text\"> &#8220;Tuppence T-line Dime&#8221;<\/span><\/a><\/p>\n","protected":false},"author":1,"featured_media":679,"parent":0,"menu_order":0,"comment_status":"closed","ping_status":"closed","template":"","meta":{"footnotes":""},"class_list":["post-638","page","type-page","status-publish","has-post-thumbnail","hentry"],"_links":{"self":[{"href":"https:\/\/klikkerhunden.dk\/tlinedk\/index.php?rest_route=\/wp\/v2\/pages\/638","targetHints":{"allow":["GET"]}}],"collection":[{"href":"https:\/\/klikkerhunden.dk\/tlinedk\/index.php?rest_route=\/wp\/v2\/pages"}],"about":[{"href":"https:\/\/klikkerhunden.dk\/tlinedk\/index.php?rest_route=\/wp\/v2\/types\/page"}],"author":[{"embeddable":true,"href":"https:\/\/klikkerhunden.dk\/tlinedk\/index.php?rest_route=\/wp\/v2\/users\/1"}],"replies":[{"embeddable":true,"href":"https:\/\/klikkerhunden.dk\/tlinedk\/index.php?rest_route=%2Fwp%2Fv2%2Fcomments&post=638"}],"version-history":[{"count":17,"href":"https:\/\/klikkerhunden.dk\/tlinedk\/index.php?rest_route=\/wp\/v2\/pages\/638\/revisions"}],"predecessor-version":[{"id":795,"href":"https:\/\/klikkerhunden.dk\/tlinedk\/index.php?rest_route=\/wp\/v2\/pages\/638\/revisions\/795"}],"wp:featuredmedia":[{"embeddable":true,"href":"https:\/\/klikkerhunden.dk\/tlinedk\/index.php?rest_route=\/wp\/v2\/media\/679"}],"wp:attachment":[{"href":"https:\/\/klikkerhunden.dk\/tlinedk\/index.php?rest_route=%2Fwp%2Fv2%2Fmedia&parent=638"}],"curies":[{"name":"wp","href":"https:\/\/api.w.org\/{rel}","templated":true}]}}