{"id":411,"date":"2016-10-24T19:22:33","date_gmt":"2016-10-24T17:22:33","guid":{"rendered":"https:\/\/klikkerhunden.dk\/tlinedk\/?page_id=411"},"modified":"2020-12-16T12:46:00","modified_gmt":"2020-12-16T11:46:00","slug":"kontakt","status":"publish","type":"page","link":"https:\/\/klikkerhunden.dk\/tlinedk\/?page_id=411","title":{"rendered":"Kontakt"},"content":{"rendered":"<p>Er du interesseret i at h\u00f8re n\u00e6rmere om det planlagte Twitter\/Lynx-kuld eller om klikkerhunden.dk er du velkommen til at kontakte mig.<\/p>\n<p>Mail: edithsvare@icloud.com<\/p>\n<p>Mobil: 5188 8574<\/p>\n<p>Kennel T-line<br \/>\nVed G\u00e6rdet 8<br \/>\nVinder\u00f8d<br \/>\n3300 Frederiksv\u00e6rk<\/p>\n","protected":false},"excerpt":{"rendered":"<p>Er du interesseret i at h\u00f8re n\u00e6rmere om det planlagte Twitter\/Lynx-kuld eller om klikkerhunden.dk er du velkommen til at kontakte mig. Mail: edithsvare@icloud.com Mobil: 5188 8574 Kennel T-line Ved G\u00e6rdet 8 Vinder\u00f8d 3300 Frederiksv\u00e6rk<\/p>\n","protected":false},"author":1,"featured_media":0,"parent":0,"menu_order":0,"comment_status":"closed","ping_status":"closed","template":"","meta":{"footnotes":""},"class_list":["post-411","page","type-page","status-publish","hentry"],"_links":{"self":[{"href":"https:\/\/klikkerhunden.dk\/tlinedk\/index.php?rest_route=\/wp\/v2\/pages\/411","targetHints":{"allow":["GET"]}}],"collection":[{"href":"https:\/\/klikkerhunden.dk\/tlinedk\/index.php?rest_route=\/wp\/v2\/pages"}],"about":[{"href":"https:\/\/klikkerhunden.dk\/tlinedk\/index.php?rest_route=\/wp\/v2\/types\/page"}],"author":[{"embeddable":true,"href":"https:\/\/klikkerhunden.dk\/tlinedk\/index.php?rest_route=\/wp\/v2\/users\/1"}],"replies":[{"embeddable":true,"href":"https:\/\/klikkerhunden.dk\/tlinedk\/index.php?rest_route=%2Fwp%2Fv2%2Fcomments&post=411"}],"version-history":[{"count":7,"href":"https:\/\/klikkerhunden.dk\/tlinedk\/index.php?rest_route=\/wp\/v2\/pages\/411\/revisions"}],"predecessor-version":[{"id":624,"href":"https:\/\/klikkerhunden.dk\/tlinedk\/index.php?rest_route=\/wp\/v2\/pages\/411\/revisions\/624"}],"wp:attachment":[{"href":"https:\/\/klikkerhunden.dk\/tlinedk\/index.php?rest_route=%2Fwp%2Fv2%2Fmedia&parent=411"}],"curies":[{"name":"wp","href":"https:\/\/api.w.org\/{rel}","templated":true}]}}