{"id":403,"date":"2016-10-15T13:10:50","date_gmt":"2016-10-15T11:10:50","guid":{"rendered":"https:\/\/klikkerhunden.dk\/tlinedk\/?page_id=403"},"modified":"2023-04-05T14:17:39","modified_gmt":"2023-04-05T12:17:39","slug":"nyheder","status":"publish","type":"page","link":"https:\/\/klikkerhunden.dk\/tlinedk\/?page_id=403","title":{"rendered":"Nyheder"},"content":{"rendered":"<p>Randi og Freddy (T-Line Commodore) er kvalificeret til <strong>WM<\/strong> i Freestyle Dogdancing for\u00e5r 2023<br \/>\nIIIH hvor skal vi krydse poter<\/p>\n<p>&nbsp;<\/p>\n<p><a href=\"https:\/\/klikkerhunden.dk\/tlinedk\/wp-content\/uploads\/2016\/10\/Freddy.jpeg\"><img loading=\"lazy\" decoding=\"async\" class=\"aligncenter size-medium wp-image-769\" src=\"https:\/\/klikkerhunden.dk\/tlinedk\/wp-content\/uploads\/2016\/10\/Freddy-300x200.jpeg\" alt=\"Freddy\" width=\"300\" height=\"200\" srcset=\"https:\/\/klikkerhunden.dk\/tlinedk\/wp-content\/uploads\/2016\/10\/Freddy-300x200.jpeg 300w, https:\/\/klikkerhunden.dk\/tlinedk\/wp-content\/uploads\/2016\/10\/Freddy.jpeg 500w\" sizes=\"auto, (max-width: 300px) 85vw, 300px\" \/><\/a><\/p>\n<p>December 2020<\/p>\n<p>Twitter st\u00e5r \u00f8verst p\u00e5 kvalifikationslisten til DM 2021 \ud83d\ude42<\/p>\n<p>S\u00e5 kan jeg ogs\u00e5 kalde mig Prolog Trainer<\/p>\n<p><a href=\"https:\/\/klikkerhunden.dk\/tlinedk\/wp-content\/uploads\/2019\/01\/IMG_6906.png\"><img loading=\"lazy\" decoding=\"async\" class=\"aligncenter size-medium wp-image-630\" src=\"https:\/\/klikkerhunden.dk\/tlinedk\/wp-content\/uploads\/2019\/01\/IMG_6906-139x300.png\" alt=\"IMG_6906\" width=\"139\" height=\"300\" srcset=\"https:\/\/klikkerhunden.dk\/tlinedk\/wp-content\/uploads\/2019\/01\/IMG_6906-139x300.png 139w, https:\/\/klikkerhunden.dk\/tlinedk\/wp-content\/uploads\/2019\/01\/IMG_6906-473x1024.png 473w, https:\/\/klikkerhunden.dk\/tlinedk\/wp-content\/uploads\/2019\/01\/IMG_6906.png 750w\" sizes=\"auto, (max-width: 139px) 85vw, 139px\" \/><\/a><\/p>\n<p>5 december 2020<\/p>\n<p>Nu er jeg eksamineret Adf\u00e6rdsr\u00e5dgiver<\/p>\n<p><a href=\"https:\/\/klikkerhunden.dk\/tlinedk\/wp-content\/uploads\/2016\/06\/IMG_6878.jpeg\"><img loading=\"lazy\" decoding=\"async\" class=\"aligncenter size-medium wp-image-622\" src=\"https:\/\/klikkerhunden.dk\/tlinedk\/wp-content\/uploads\/2016\/06\/IMG_6878-300x225.jpeg\" alt=\"IMG_6878\" width=\"300\" height=\"225\" srcset=\"https:\/\/klikkerhunden.dk\/tlinedk\/wp-content\/uploads\/2016\/06\/IMG_6878-300x225.jpeg 300w, https:\/\/klikkerhunden.dk\/tlinedk\/wp-content\/uploads\/2016\/06\/IMG_6878-768x576.jpeg 768w, https:\/\/klikkerhunden.dk\/tlinedk\/wp-content\/uploads\/2016\/06\/IMG_6878-1024x768.jpeg 1024w, https:\/\/klikkerhunden.dk\/tlinedk\/wp-content\/uploads\/2016\/06\/IMG_6878-1200x900.jpeg 1200w\" sizes=\"auto, (max-width: 300px) 85vw, 300px\" \/><\/a><\/p>\n<p>&nbsp;<\/p>\n<p>Tessan vinder LP1 september 2020<\/p>\n<p><img loading=\"lazy\" decoding=\"async\" class=\"aligncenter size-medium wp-image-629\" src=\"https:\/\/klikkerhunden.dk\/tlinedk\/wp-content\/uploads\/2019\/01\/IMG_6102-96x300.jpeg\" sizes=\"auto, (max-width: 96px) 85vw, 96px\" srcset=\"https:\/\/klikkerhunden.dk\/tlinedk\/wp-content\/uploads\/2019\/01\/IMG_6102-96x300.jpeg 96w, https:\/\/klikkerhunden.dk\/tlinedk\/wp-content\/uploads\/2019\/01\/IMG_6102.jpeg 189w\" alt=\"IMG_6102\" width=\"96\" height=\"300\" data-lazy-loaded=\"true\" \/>Det er typisk Tessan at sidde der og \u201cgive mig kontakt\u201d mens hun t\u00e6nker: \u201cOOOG \u2013 hvad skal vi s\u00e5 lave af sjove ting sammen?\u201d<\/p>\n<p>24. juni 2018: Lille Tessan p\u00e5 15 m\u00e5neder har v\u00e6ret til sine f\u00f8rste uofficielle konkurrencer:<br \/>\nHun gennemf\u00f8rte Rallybegynderbanen med 99 point ud af 100 og vandt konkurrencen og fik derefter 187 point i LP1. Hurra \ud83d\ude42<\/p>\n<p>Samme dag vandt Twitter Rally\u00f8vede klassen og blev nr 3 i LP3 \ud83d\ude42<\/p>\n<p>&nbsp;<\/p>\n<p>&nbsp;<\/p>\n<p>Twitter\u00a0&amp; \u00a0jeg + Therese\u00a0&amp; Ester (der er Twitters halvs\u00f8ster og verdens n\u00e6stbedste labrador :)) str\u00e5ler om kap\u00a0i &#8220;Retrieveren&#8221;<\/p>\n<p>&#8220;S\u00f8strene Lab&#8221;\u00a0blev lydighed champions med f\u00e5 dages mellemrum i september 2016 &#8211; jeg tror faktisk ikke at der er andre labrador (halv-) s\u00f8stre der er blevet LP CH<\/p>\n<p>&nbsp;<\/p>\n<p><a href=\"https:\/\/klikkerhunden.dk\/tlinedk\/wp-content\/uploads\/2016\/10\/champs.jpg\"><img loading=\"lazy\" decoding=\"async\" class=\"alignleft wp-image-447\" src=\"https:\/\/klikkerhunden.dk\/tlinedk\/wp-content\/uploads\/2016\/10\/champs-225x300.jpg\" alt=\"champs\" width=\"381\" height=\"508\" srcset=\"https:\/\/klikkerhunden.dk\/tlinedk\/wp-content\/uploads\/2016\/10\/champs-225x300.jpg 225w, https:\/\/klikkerhunden.dk\/tlinedk\/wp-content\/uploads\/2016\/10\/champs-768x1024.jpg 768w, https:\/\/klikkerhunden.dk\/tlinedk\/wp-content\/uploads\/2016\/10\/champs-1200x1600.jpg 1200w, https:\/\/klikkerhunden.dk\/tlinedk\/wp-content\/uploads\/2016\/10\/champs.jpg 1512w\" sizes=\"auto, (max-width: 381px) 85vw, 381px\" \/><\/a><\/p>\n<p>&nbsp;<\/p>\n<p>&nbsp;<\/p>\n<p><strong>\u00a0<\/strong><\/p>\n<p><a href=\"https:\/\/klikkerhunden.dk\/tlinedk\/wp-content\/uploads\/2016\/10\/s\u00f8strene-LP-Champs.jpg\"><br \/>\n<\/a><\/p>\n","protected":false},"excerpt":{"rendered":"<p>Randi og Freddy (T-Line Commodore) er kvalificeret til WM i Freestyle Dogdancing for\u00e5r 2023 IIIH hvor skal vi krydse poter &nbsp; December 2020 Twitter st\u00e5r \u00f8verst p\u00e5 kvalifikationslisten til DM 2021 \ud83d\ude42 S\u00e5 kan jeg ogs\u00e5 kalde mig Prolog Trainer 5 december 2020 Nu er jeg eksamineret Adf\u00e6rdsr\u00e5dgiver &nbsp; Tessan vinder LP1 september 2020 Det &hellip; <a href=\"https:\/\/klikkerhunden.dk\/tlinedk\/?page_id=403\" class=\"more-link\">L\u00e6s videre<span class=\"screen-reader-text\"> &#8220;Nyheder&#8221;<\/span><\/a><\/p>\n","protected":false},"author":1,"featured_media":0,"parent":0,"menu_order":0,"comment_status":"closed","ping_status":"closed","template":"","meta":{"footnotes":""},"class_list":["post-403","page","type-page","status-publish","hentry"],"_links":{"self":[{"href":"https:\/\/klikkerhunden.dk\/tlinedk\/index.php?rest_route=\/wp\/v2\/pages\/403","targetHints":{"allow":["GET"]}}],"collection":[{"href":"https:\/\/klikkerhunden.dk\/tlinedk\/index.php?rest_route=\/wp\/v2\/pages"}],"about":[{"href":"https:\/\/klikkerhunden.dk\/tlinedk\/index.php?rest_route=\/wp\/v2\/types\/page"}],"author":[{"embeddable":true,"href":"https:\/\/klikkerhunden.dk\/tlinedk\/index.php?rest_route=\/wp\/v2\/users\/1"}],"replies":[{"embeddable":true,"href":"https:\/\/klikkerhunden.dk\/tlinedk\/index.php?rest_route=%2Fwp%2Fv2%2Fcomments&post=403"}],"version-history":[{"count":11,"href":"https:\/\/klikkerhunden.dk\/tlinedk\/index.php?rest_route=\/wp\/v2\/pages\/403\/revisions"}],"predecessor-version":[{"id":770,"href":"https:\/\/klikkerhunden.dk\/tlinedk\/index.php?rest_route=\/wp\/v2\/pages\/403\/revisions\/770"}],"wp:attachment":[{"href":"https:\/\/klikkerhunden.dk\/tlinedk\/index.php?rest_route=%2Fwp%2Fv2%2Fmedia&parent=403"}],"curies":[{"name":"wp","href":"https:\/\/api.w.org\/{rel}","templated":true}]}}