{"id":316,"date":"2016-09-25T12:15:21","date_gmt":"2016-09-25T10:15:21","guid":{"rendered":"https:\/\/klikkerhunden.dk\/tlinedk\/?page_id=316"},"modified":"2023-04-14T11:04:57","modified_gmt":"2023-04-14T09:04:57","slug":"twitter","status":"publish","type":"page","link":"https:\/\/klikkerhunden.dk\/tlinedk\/?page_id=316","title":{"rendered":"Twitter"},"content":{"rendered":"<p style=\"text-align: center;\"><strong>Twitter. DKLPCH, LP1, LP2, LP3, RBM, R\u00d8M<\/strong><\/p>\n<p style=\"text-align: center;\"><a href=\"https:\/\/klikkerhunden.dk\/tlinedk\/wp-content\/uploads\/2016\/09\/2C68829F-C445-4451-A45E-3BDCC48E52F4.jpeg\"><img loading=\"lazy\" decoding=\"async\" class=\"aligncenter size-medium wp-image-749\" src=\"https:\/\/klikkerhunden.dk\/tlinedk\/wp-content\/uploads\/2016\/09\/2C68829F-C445-4451-A45E-3BDCC48E52F4-300x193.jpeg\" alt=\"2C68829F-C445-4451-A45E-3BDCC48E52F4\" width=\"300\" height=\"193\" srcset=\"https:\/\/klikkerhunden.dk\/tlinedk\/wp-content\/uploads\/2016\/09\/2C68829F-C445-4451-A45E-3BDCC48E52F4-300x193.jpeg 300w, https:\/\/klikkerhunden.dk\/tlinedk\/wp-content\/uploads\/2016\/09\/2C68829F-C445-4451-A45E-3BDCC48E52F4-768x494.jpeg 768w, https:\/\/klikkerhunden.dk\/tlinedk\/wp-content\/uploads\/2016\/09\/2C68829F-C445-4451-A45E-3BDCC48E52F4-1024x658.jpeg 1024w, https:\/\/klikkerhunden.dk\/tlinedk\/wp-content\/uploads\/2016\/09\/2C68829F-C445-4451-A45E-3BDCC48E52F4-1200x771.jpeg 1200w\" sizes=\"auto, (max-width: 300px) 85vw, 300px\" \/><\/a>Twitter snart 10 \u00e5r.<br \/>\nHvis du kigger rigtig godt efter, kan du se hendes eneste gr\u00e5 h\u00e5r (knurh\u00e5r)<\/p>\n<p><a href=\"https:\/\/klikkerhunden.dk\/tlinedk\/wp-content\/uploads\/2016\/06\/smukke_twit.jpg\"><img loading=\"lazy\" decoding=\"async\" class=\" wp-image-391 aligncenter\" src=\"https:\/\/klikkerhunden.dk\/tlinedk\/wp-content\/uploads\/2016\/06\/smukke_twit-300x200.jpg\" alt=\"smukke_twit\" width=\"590\" height=\"393\" srcset=\"https:\/\/klikkerhunden.dk\/tlinedk\/wp-content\/uploads\/2016\/06\/smukke_twit-300x200.jpg 300w, https:\/\/klikkerhunden.dk\/tlinedk\/wp-content\/uploads\/2016\/06\/smukke_twit-768x512.jpg 768w, https:\/\/klikkerhunden.dk\/tlinedk\/wp-content\/uploads\/2016\/06\/smukke_twit-1024x683.jpg 1024w, https:\/\/klikkerhunden.dk\/tlinedk\/wp-content\/uploads\/2016\/06\/smukke_twit-1200x800.jpg 1200w, https:\/\/klikkerhunden.dk\/tlinedk\/wp-content\/uploads\/2016\/06\/smukke_twit.jpg 1500w\" sizes=\"auto, (max-width: 590px) 85vw, 590px\" \/><\/a><\/p>\n<p style=\"text-align: center;\">AKA<\/p>\n<p style=\"text-align: center;\">Twit<br \/>\nTwittevit<br \/>\nTrofast<br \/>\nLille sorte<\/p>\n<p style=\"text-align: center;\"><strong><a href=\"https:\/\/klikkerhunden.dk\/tlinedk\/wp-content\/uploads\/2016\/09\/twitter-hvd.jpg\"><img loading=\"lazy\" decoding=\"async\" class=\"aligncenter size-medium wp-image-611\" src=\"https:\/\/klikkerhunden.dk\/tlinedk\/wp-content\/uploads\/2016\/09\/twitter-hvd-300x225.jpg\" alt=\"twitter hvd\" width=\"300\" height=\"225\" srcset=\"https:\/\/klikkerhunden.dk\/tlinedk\/wp-content\/uploads\/2016\/09\/twitter-hvd-300x225.jpg 300w, https:\/\/klikkerhunden.dk\/tlinedk\/wp-content\/uploads\/2016\/09\/twitter-hvd.jpg 640w\" sizes=\"auto, (max-width: 300px) 85vw, 300px\" \/><\/a>Twitter december 2020<br \/>\n<\/strong><strong><br \/>\n<\/strong>Twitter\u00a0er nu snart 10 \u00e5r hvilket man ikke kan se p\u00e5 hende. Hun er fortsat fuld af krudt og elsker at tr\u00e6ne, men jeg stiller hende ikke l\u00e6ngere i konkurrencer. Da hun var 3 \u00e5r blev hun Dansk Lydigheds Champion. Hun er mor til 23 hvalpe fordelt p\u00e5 3 kuld fra 2017, 2019 og 2021.<br \/>\nHun er ALT det jeg har dr\u00f8mt om med en hund.<\/p>\n<p style=\"text-align: left;\">Fra f\u00f8rste dag har jeg haft et s\u00e6rligt forhold til Twitter. Hun er altid ved min side, altid parat til at vi skal lave noget sammen. Er der tegn p\u00e5 at vi skal tr\u00e6ne, er hun der med det samme.<\/p>\n<p style=\"text-align: left;\">Jeg f\u00e5r ofte at vide, n\u00e5r vi har v\u00e6ret til lydigheds konkurrence, at hun ser s\u00e5 glad ud, n\u00e5r vi er oppe &#8211; og det er da det bedste man kan opn\u00e5. Jeg plejer at sige, at selvom jeg p\u00e5 dagen ikke har haft den dygtigste hund, s\u00e5 har jeg i hvert fald haft den gladeste:)<\/p>\n<p style=\"text-align: left;\">Twitter er en sand allround hund. Der er s\u00e5 mange herlige hundesportsgrene, og jeg er sikker p\u00e5, at alle de jeg har lyst til, vil Twitter b\u00e5de trives med og have det sjovt med.<\/p>\n<p style=\"text-align: left;\">Twitter har v\u00e6ret <strong>udtaget til DM<\/strong>\u00a0fire gange: 2017 og 2018 i\u00a0LP3 og i 2020 og 2021 i Rally<\/p>\n","protected":false},"excerpt":{"rendered":"<p>Twitter. DKLPCH, LP1, LP2, LP3, RBM, R\u00d8M Twitter snart 10 \u00e5r. Hvis du kigger rigtig godt efter, kan du se hendes eneste gr\u00e5 h\u00e5r (knurh\u00e5r) AKA Twit Twittevit Trofast Lille sorte Twitter december 2020 Twitter\u00a0er nu snart 10 \u00e5r hvilket man ikke kan se p\u00e5 hende. Hun er fortsat fuld af krudt og elsker at &hellip; <a href=\"https:\/\/klikkerhunden.dk\/tlinedk\/?page_id=316\" class=\"more-link\">L\u00e6s videre<span class=\"screen-reader-text\"> &#8220;Twitter&#8221;<\/span><\/a><\/p>\n","protected":false},"author":1,"featured_media":0,"parent":0,"menu_order":0,"comment_status":"closed","ping_status":"closed","template":"","meta":{"footnotes":""},"class_list":["post-316","page","type-page","status-publish","hentry"],"_links":{"self":[{"href":"https:\/\/klikkerhunden.dk\/tlinedk\/index.php?rest_route=\/wp\/v2\/pages\/316","targetHints":{"allow":["GET"]}}],"collection":[{"href":"https:\/\/klikkerhunden.dk\/tlinedk\/index.php?rest_route=\/wp\/v2\/pages"}],"about":[{"href":"https:\/\/klikkerhunden.dk\/tlinedk\/index.php?rest_route=\/wp\/v2\/types\/page"}],"author":[{"embeddable":true,"href":"https:\/\/klikkerhunden.dk\/tlinedk\/index.php?rest_route=\/wp\/v2\/users\/1"}],"replies":[{"embeddable":true,"href":"https:\/\/klikkerhunden.dk\/tlinedk\/index.php?rest_route=%2Fwp%2Fv2%2Fcomments&post=316"}],"version-history":[{"count":17,"href":"https:\/\/klikkerhunden.dk\/tlinedk\/index.php?rest_route=\/wp\/v2\/pages\/316\/revisions"}],"predecessor-version":[{"id":791,"href":"https:\/\/klikkerhunden.dk\/tlinedk\/index.php?rest_route=\/wp\/v2\/pages\/316\/revisions\/791"}],"wp:attachment":[{"href":"https:\/\/klikkerhunden.dk\/tlinedk\/index.php?rest_route=%2Fwp%2Fv2%2Fmedia&parent=316"}],"curies":[{"name":"wp","href":"https:\/\/api.w.org\/{rel}","templated":true}]}}