{"id":278,"date":"2016-08-20T11:28:33","date_gmt":"2016-08-20T11:28:33","guid":{"rendered":"https:\/\/klikkerhunden.dk\/tlinedk\/?page_id=278"},"modified":"2016-09-25T11:56:13","modified_gmt":"2016-09-25T09:56:13","slug":"tessie","status":"publish","type":"page","link":"https:\/\/klikkerhunden.dk\/tlinedk\/?page_id=278","title":{"rendered":"Tessie"},"content":{"rendered":"<p>Tessie &#8211; Tallygold No More Scotch &#8211; 24. februar 1998 til 8. april 2009<\/p>\n<p><a href=\"https:\/\/klikkerhunden.dk\/tlinedk\/wp-content\/uploads\/2016\/08\/Tessies-sidste-dage-027.jpg\"><img loading=\"lazy\" decoding=\"async\" class=\"alignleft size-medium wp-image-353\" src=\"https:\/\/klikkerhunden.dk\/tlinedk\/wp-content\/uploads\/2016\/08\/Tessies-sidste-dage-027-300x225.jpg\" alt=\"tessies-sidste-dage-027\" width=\"300\" height=\"225\" srcset=\"https:\/\/klikkerhunden.dk\/tlinedk\/wp-content\/uploads\/2016\/08\/Tessies-sidste-dage-027-300x225.jpg 300w, https:\/\/klikkerhunden.dk\/tlinedk\/wp-content\/uploads\/2016\/08\/Tessies-sidste-dage-027-768x576.jpg 768w, https:\/\/klikkerhunden.dk\/tlinedk\/wp-content\/uploads\/2016\/08\/Tessies-sidste-dage-027-1024x768.jpg 1024w, https:\/\/klikkerhunden.dk\/tlinedk\/wp-content\/uploads\/2016\/08\/Tessies-sidste-dage-027-1200x900.jpg 1200w, https:\/\/klikkerhunden.dk\/tlinedk\/wp-content\/uploads\/2016\/08\/Tessies-sidste-dage-027.jpg 2048w\" sizes=\"auto, (max-width: 300px) 85vw, 300px\" \/><br \/>\n<\/a><\/p>\n<p>Vores dejlige Tessie-pige havde skrantet et halvt \u00e5rs tid og blevet stadig svagere og til sidst m\u00e5tte vi tage den tunge beslutning. Vi fik sagt et v\u00e6rdigt farvel og hun var helt tryg og rolig. Min s\u00f8n Phillip og jeg var i sorg i m\u00e5nedsvis! Det kan ikke beskrives i ord hvad den lille hund har betydet for os.<\/p>\n<p>&nbsp;<\/p>\n","protected":false},"excerpt":{"rendered":"<p>Tessie &#8211; Tallygold No More Scotch &#8211; 24. februar 1998 til 8. april 2009 Vores dejlige Tessie-pige havde skrantet et halvt \u00e5rs tid og blevet stadig svagere og til sidst m\u00e5tte vi tage den tunge beslutning. Vi fik sagt et v\u00e6rdigt farvel og hun var helt tryg og rolig. Min s\u00f8n Phillip og jeg var &hellip; <a href=\"https:\/\/klikkerhunden.dk\/tlinedk\/?page_id=278\" class=\"more-link\">L\u00e6s videre<span class=\"screen-reader-text\"> &#8220;Tessie&#8221;<\/span><\/a><\/p>\n","protected":false},"author":1,"featured_media":0,"parent":0,"menu_order":0,"comment_status":"closed","ping_status":"closed","template":"","meta":{"footnotes":""},"class_list":["post-278","page","type-page","status-publish","hentry"],"_links":{"self":[{"href":"https:\/\/klikkerhunden.dk\/tlinedk\/index.php?rest_route=\/wp\/v2\/pages\/278","targetHints":{"allow":["GET"]}}],"collection":[{"href":"https:\/\/klikkerhunden.dk\/tlinedk\/index.php?rest_route=\/wp\/v2\/pages"}],"about":[{"href":"https:\/\/klikkerhunden.dk\/tlinedk\/index.php?rest_route=\/wp\/v2\/types\/page"}],"author":[{"embeddable":true,"href":"https:\/\/klikkerhunden.dk\/tlinedk\/index.php?rest_route=\/wp\/v2\/users\/1"}],"replies":[{"embeddable":true,"href":"https:\/\/klikkerhunden.dk\/tlinedk\/index.php?rest_route=%2Fwp%2Fv2%2Fcomments&post=278"}],"version-history":[{"count":3,"href":"https:\/\/klikkerhunden.dk\/tlinedk\/index.php?rest_route=\/wp\/v2\/pages\/278\/revisions"}],"predecessor-version":[{"id":354,"href":"https:\/\/klikkerhunden.dk\/tlinedk\/index.php?rest_route=\/wp\/v2\/pages\/278\/revisions\/354"}],"wp:attachment":[{"href":"https:\/\/klikkerhunden.dk\/tlinedk\/index.php?rest_route=%2Fwp%2Fv2%2Fmedia&parent=278"}],"curies":[{"name":"wp","href":"https:\/\/api.w.org\/{rel}","templated":true}]}}