{"id":268,"date":"2016-08-20T11:22:15","date_gmt":"2016-08-20T11:22:15","guid":{"rendered":"https:\/\/klikkerhunden.dk\/tlinedk\/?page_id=268"},"modified":"2016-09-25T11:59:09","modified_gmt":"2016-09-25T09:59:09","slug":"tosca","status":"publish","type":"page","link":"https:\/\/klikkerhunden.dk\/tlinedk\/?page_id=268","title":{"rendered":"Tosca"},"content":{"rendered":"<p>Danagold\u00b4s Tosca\u00a0 Stambogsnr: 02321\/2003.<br \/>\n4\/2-2003 til 14\/3-2016<\/p>\n<p>Hofter: A Albuer:\u00a00 \u00d8jne: uden anm\u00e6rkninger<\/p>\n<p><a href=\"https:\/\/klikkerhunden.dk\/tlinedk\/wp-content\/uploads\/2016\/06\/20160213-1DX_0368-Edit.jpg\"><img loading=\"lazy\" decoding=\"async\" class=\"alignnone size-medium wp-image-55\" src=\"https:\/\/klikkerhunden.dk\/tlinedk\/wp-content\/uploads\/2016\/06\/20160213-1DX_0368-Edit-200x300.jpg\" alt=\"20160213-1DX_0368-Edit\" width=\"200\" height=\"300\" srcset=\"https:\/\/klikkerhunden.dk\/tlinedk\/wp-content\/uploads\/2016\/06\/20160213-1DX_0368-Edit-200x300.jpg 200w, https:\/\/klikkerhunden.dk\/tlinedk\/wp-content\/uploads\/2016\/06\/20160213-1DX_0368-Edit-768x1152.jpg 768w, https:\/\/klikkerhunden.dk\/tlinedk\/wp-content\/uploads\/2016\/06\/20160213-1DX_0368-Edit-683x1024.jpg 683w\" sizes=\"auto, (max-width: 200px) 85vw, 200px\" \/><\/a><\/p>\n<p>Tosca &#8211;\u00a0da billedet blev taget var hun\u00a0netop fyldt 13 \u00e5r og var fuldst\u00e6ndigt frisk, rask og energisk.\u00a0 En m\u00e5ned efter var hun her ikke mere!<\/p>\n<p>Udstilling: 2. pr\u00e6mie \u00c5K Juni 2007: <em>4-\u00e5rig t\u00e6ve af dejlig type, feminit hoved, s\u00f8dt udtryk, prima pigment, korrekt ansatte \u00f8rer, korrekt bid, lidt kort hals, lidt fremskudt skulder, god ryglinie, korrekt haleans\u00e6tning,\u00a0tilstr\u00e6kkeligt udviklet krop, tilpas benstammer, lidt kort overarm, velvinklet bag, korrekte kattepoter, bev\u00e6ger sig med lange energiske og elegante bev\u00e6geler, desv\u00e6rre helt ude af pels i dag, vel fremvist<\/em> (Susanne Forchhammer)<\/p>\n<p>Brugspr\u00f8ve: best\u00e5et. Markpr\u00f8ve: Begynderklasse B: 3. pr\u00e6mie. C-pr\u00f8ve (uofficiel pr\u00f8ve) 2. pr\u00e6mie<br \/>\nDansk Civil Hundef\u00f8rerforening: Opgraderet til B-hund per 2010.<br \/>\nRally Begynder Mester<br \/>\nRally Viderekommende Mester<br \/>\nMentaltestet.<\/p>\n<p><em>Min anden hund, Tosca, er en dejlig gylden hund med rare brune \u00f8jne og sort snude. Hun er 3\/4 ud af jagt-hundelinier, den sidste 1\/4 er udstillingshund. Hun er en utroligt k\u00e6rlig hund, i den grad &#8220;mors hund&#8221;, er meget l\u00e6renem og elsker at f\u00e5 lov at l\u00e6re nyt &#8211; og kan aldrig bliver tr\u00e6t at at blive k\u00e6let med. Det allerbedste hun ved er at komme ud i mark eller skov og tr\u00e6ne\u00a0&#8211; her kommer hendes gode hovede og energi rigtig til udtryk n\u00e5r hun begejsteret suser afsted. Men hun er trofast med p\u00e5 hvad som helst jeg kaster os ud i &#8211; bare at vi er sammen er hun begejstret. Lige s\u00e5 aktiv hun er udend\u00f8rs, lige s\u00e5 fredelig er hun derhjemme. Tosca stammer fra Pia Holm Nielsens kennel Danagold, og blandt Tosca\u00b4s\u00a0aner er mange dygtige og pr\u00e6mierede jagthunde.<\/em><\/p>\n<p>Tosca d\u00f8de 13 \u00e5r gammel. Savner hende forf\u00e6rdeligt!<\/p>\n<p><a href=\"https:\/\/klikkerhunden.dk\/tlinedk\/joomla\/images\/stories\/wpdocuments\/Tosca_stamtavle.pdf\"><u><span style=\"color: #000080;\">Toscas stamtavle<\/span><\/u><\/a><\/p>\n<p><img loading=\"lazy\" decoding=\"async\" title=\"\" src=\"https:\/\/klikkerhunden.dk\/tlinedk\/joomla\/images\/stories\/wpimages\/2009\/medpokal1.jpg\" alt=\"\" width=\"335\" height=\"500\" \/><\/p>\n<p>Klubmester i DCH<\/p>\n<p><img loading=\"lazy\" decoding=\"async\" title=\"\" src=\"https:\/\/klikkerhunden.dk\/tlinedk\/joomla\/images\/stories\/wpimages\/2010\/rallyjyderup.jpg\" alt=\"\" width=\"500\" height=\"334\" \/><\/p>\n<p>Rally Videreg\u00e5ende Mester<\/p>\n<p><img loading=\"lazy\" decoding=\"async\" title=\"\" src=\"https:\/\/klikkerhunden.dk\/tlinedk\/joomla\/images\/stories\/wpimages\/2009\/toscamedapport.jpg\" alt=\"\" width=\"500\" height=\"335\" \/><\/p>\n<p><img loading=\"lazy\" decoding=\"async\" title=\"\" src=\"https:\/\/klikkerhunden.dk\/tlinedk\/joomla\/images\/stories\/wpimages\/2013\/gamletoesersmalljpg.jpg\" alt=\"\" width=\"448\" height=\"299\" \/><\/p>\n<p>K\u00e6lepottehund \ud83d\ude42<\/p>\n<p><img loading=\"lazy\" decoding=\"async\" title=\"\" src=\"https:\/\/klikkerhunden.dk\/tlinedk\/joomla\/images\/stories\/wpimages\/2010\/kaskade_500.jpg\" alt=\"\" width=\"576\" height=\"465\" \/><\/p>\n<p>Vandhund<\/p>\n","protected":false},"excerpt":{"rendered":"<p>Danagold\u00b4s Tosca\u00a0 Stambogsnr: 02321\/2003. 4\/2-2003 til 14\/3-2016 Hofter: A Albuer:\u00a00 \u00d8jne: uden anm\u00e6rkninger Tosca &#8211;\u00a0da billedet blev taget var hun\u00a0netop fyldt 13 \u00e5r og var fuldst\u00e6ndigt frisk, rask og energisk.\u00a0 En m\u00e5ned efter var hun her ikke mere! Udstilling: 2. pr\u00e6mie \u00c5K Juni 2007: 4-\u00e5rig t\u00e6ve af dejlig type, feminit hoved, s\u00f8dt udtryk, prima pigment, &hellip; <a href=\"https:\/\/klikkerhunden.dk\/tlinedk\/?page_id=268\" class=\"more-link\">L\u00e6s videre<span class=\"screen-reader-text\"> &#8220;Tosca&#8221;<\/span><\/a><\/p>\n","protected":false},"author":1,"featured_media":0,"parent":0,"menu_order":0,"comment_status":"closed","ping_status":"closed","template":"","meta":{"footnotes":""},"class_list":["post-268","page","type-page","status-publish","hentry"],"_links":{"self":[{"href":"https:\/\/klikkerhunden.dk\/tlinedk\/index.php?rest_route=\/wp\/v2\/pages\/268","targetHints":{"allow":["GET"]}}],"collection":[{"href":"https:\/\/klikkerhunden.dk\/tlinedk\/index.php?rest_route=\/wp\/v2\/pages"}],"about":[{"href":"https:\/\/klikkerhunden.dk\/tlinedk\/index.php?rest_route=\/wp\/v2\/types\/page"}],"author":[{"embeddable":true,"href":"https:\/\/klikkerhunden.dk\/tlinedk\/index.php?rest_route=\/wp\/v2\/users\/1"}],"replies":[{"embeddable":true,"href":"https:\/\/klikkerhunden.dk\/tlinedk\/index.php?rest_route=%2Fwp%2Fv2%2Fcomments&post=268"}],"version-history":[{"count":5,"href":"https:\/\/klikkerhunden.dk\/tlinedk\/index.php?rest_route=\/wp\/v2\/pages\/268\/revisions"}],"predecessor-version":[{"id":355,"href":"https:\/\/klikkerhunden.dk\/tlinedk\/index.php?rest_route=\/wp\/v2\/pages\/268\/revisions\/355"}],"wp:attachment":[{"href":"https:\/\/klikkerhunden.dk\/tlinedk\/index.php?rest_route=%2Fwp%2Fv2%2Fmedia&parent=268"}],"curies":[{"name":"wp","href":"https:\/\/api.w.org\/{rel}","templated":true}]}}