{"id":260,"date":"2016-08-20T11:18:14","date_gmt":"2016-08-20T11:18:14","guid":{"rendered":"https:\/\/klikkerhunden.dk\/tlinedk\/?page_id=260"},"modified":"2023-04-05T12:32:00","modified_gmt":"2023-04-05T10:32:00","slug":"opdraet","status":"publish","type":"page","link":"https:\/\/klikkerhunden.dk\/tlinedk\/?page_id=260","title":{"rendered":"Opdr\u00e6t"},"content":{"rendered":"<p>Det vigtigste for mig er en sund og harmonisk hund der ogs\u00e5 har energi, lyst og evner til samarbejde. Jeg indr\u00f8mmer blankt, at jeg er et konkurrencemenneske, og det betyder meget for mig, at min hund kan og vil arbejde!<\/p>\n<p>I Twitter har jeg fundet netop den kombination.\u00a0 Hun er cool i tr\u00e6ningssituationer, arbejder ivrigt med super kontakt trods forstyrrelser, kan gi den gas uden at stresse op. Hun er hurtigt opfattende og er god til at generalisere sin viden. De evner er i den grad g\u00e5et videre til Tessan og Tuppence.<\/p>\n<p>Vi har &#8220;snuset&#8221; til andre discipliner som spor og nosework og det er hun sef\u00f8li osse god til \ud83d\ude42<\/p>\n<p>&nbsp;<\/p>\n","protected":false},"excerpt":{"rendered":"<p>Det vigtigste for mig er en sund og harmonisk hund der ogs\u00e5 har energi, lyst og evner til samarbejde. Jeg indr\u00f8mmer blankt, at jeg er et konkurrencemenneske, og det betyder meget for mig, at min hund kan og vil arbejde! I Twitter har jeg fundet netop den kombination.\u00a0 Hun er cool i tr\u00e6ningssituationer, arbejder ivrigt &hellip; <a href=\"https:\/\/klikkerhunden.dk\/tlinedk\/?page_id=260\" class=\"more-link\">L\u00e6s videre<span class=\"screen-reader-text\"> &#8220;Opdr\u00e6t&#8221;<\/span><\/a><\/p>\n","protected":false},"author":1,"featured_media":0,"parent":0,"menu_order":0,"comment_status":"closed","ping_status":"closed","template":"","meta":{"footnotes":""},"class_list":["post-260","page","type-page","status-publish","hentry"],"_links":{"self":[{"href":"https:\/\/klikkerhunden.dk\/tlinedk\/index.php?rest_route=\/wp\/v2\/pages\/260","targetHints":{"allow":["GET"]}}],"collection":[{"href":"https:\/\/klikkerhunden.dk\/tlinedk\/index.php?rest_route=\/wp\/v2\/pages"}],"about":[{"href":"https:\/\/klikkerhunden.dk\/tlinedk\/index.php?rest_route=\/wp\/v2\/types\/page"}],"author":[{"embeddable":true,"href":"https:\/\/klikkerhunden.dk\/tlinedk\/index.php?rest_route=\/wp\/v2\/users\/1"}],"replies":[{"embeddable":true,"href":"https:\/\/klikkerhunden.dk\/tlinedk\/index.php?rest_route=%2Fwp%2Fv2%2Fcomments&post=260"}],"version-history":[{"count":8,"href":"https:\/\/klikkerhunden.dk\/tlinedk\/index.php?rest_route=\/wp\/v2\/pages\/260\/revisions"}],"predecessor-version":[{"id":754,"href":"https:\/\/klikkerhunden.dk\/tlinedk\/index.php?rest_route=\/wp\/v2\/pages\/260\/revisions\/754"}],"wp:attachment":[{"href":"https:\/\/klikkerhunden.dk\/tlinedk\/index.php?rest_route=%2Fwp%2Fv2%2Fmedia&parent=260"}],"curies":[{"name":"wp","href":"https:\/\/api.w.org\/{rel}","templated":true}]}}