{"id":254,"date":"2016-08-20T11:11:05","date_gmt":"2016-08-20T11:11:05","guid":{"rendered":"https:\/\/klikkerhunden.dk\/tlinedk\/?page_id=254"},"modified":"2021-04-10T14:00:30","modified_gmt":"2021-04-10T12:00:30","slug":"links","status":"publish","type":"page","link":"https:\/\/klikkerhunden.dk\/tlinedk\/?page_id=254","title":{"rendered":"Links"},"content":{"rendered":"<p><a href=\"http:\/\/www.klikkerhunden.dk\"><u><span style=\"color: #000080;\">Klikkerhunden<\/span><\/u><\/a> Min hundeskole med tr\u00e6ningspladser i Vinder\u00f8d og Gr\u00e6sted.<\/p>\n<p><a href=\"https:\/\/brownhunt.dk\/castlemans-syrian\">L\u00e6s om Indy og Kennel Brownhunt her:\u00a0<\/a><\/p>\n<p><a href=\"http:\/\/www.hundogtraening.dk\"><u><span style=\"color: #000080;\">Hund og Tr\u00e6ning<\/span><\/u><\/a> L\u00e6s her om et meget engageret firma der har en sp\u00e6ndende blog og mange gode foredrag, kurser + uddannelser. Jeg har taget Instrukt\u00f8ruddannelsen, Rally Instrukt\u00f8ruddannelsen, Nosework-instrukt\u00f8ruddannelse og er nu i gang med uddannelse til adf\u00e6rdsr\u00e5dgiver.<\/p>\n<p><a href=\"http:\/\/www.hovafreude.dk\/\"><u><span style=\"color: #000080;\">Susannes &amp; Zentas &amp; Smillas hjemmeside<\/span><\/u><\/a> Min hundeveninde Susanne med de sk\u00f8nne, energiske hovawarter af DEN HELT RIGTIGE kaliber.<\/p>\n<p><a href=\"http:\/\/www.dkk.dk\"><u><span style=\"color: #000080;\">Dansk Kennel Klub<\/span><\/u><\/a> Danmarks st\u00f8rste organisation for hundeejere. Alle hundeejere (b\u00e5de med racehunde og andre hunde) og hundeinteresserede kan v\u00e6re medlemmer. Gode r\u00e5d omkring k\u00f8b af hund. Kurser for nye hundeeejere m.m.m.<\/p>\n<p><a href=\"http:\/\/www.labrador-retriever.dk\/\"><u><span style=\"color: #000080;\">Labrador Retrievernes Raceklub<\/span><\/u><\/a> Alt om labrador<\/p>\n<p><a href=\"http:\/\/www.dansk-retriever-klub.dk\/\"><u><span style=\"color: #000080;\">Dansk Retriever Klub<\/span><\/u><\/a> F\u00e6lles forening for retriever-racerne. L\u00e6s om de forskellige retrievere, arrangementer, klubbens tilbud m.m.m.<\/p>\n<p><a href=\"http:\/\/www.drk-nordsjaelland.dk\/\"><u><span style=\"color: #000080;\">Dansk Retriever Klub i Nordsj\u00e6lland<\/span><\/u><\/a> Arrangementer, tilmelding til tr\u00e6ning og pr\u00f8ver. Mulighed for tilmelding til Nyhedsmail<\/p>\n<p><a href=\"http:\/\/www.hundeweb.dk\"><u><span style=\"color: #000080;\">Hundeweb<\/span><\/u><\/a> P\u00e5 hundeweb kan du bl.a. finde oplysninger om alle danske racehunde ud fra deres registeringsnummer m.m.m<\/p>\n<p>&nbsp;<\/p>\n<p>&nbsp;<\/p>\n<p>&nbsp;<\/p>\n<p>&nbsp;<\/p>\n<p>&nbsp;<\/p>\n<p>&nbsp;<\/p>\n<p>&nbsp;<\/p>\n<p>&nbsp;<\/p>\n<p>&nbsp;<\/p>\n","protected":false},"excerpt":{"rendered":"<p>Klikkerhunden Min hundeskole med tr\u00e6ningspladser i Vinder\u00f8d og Gr\u00e6sted. L\u00e6s om Indy og Kennel Brownhunt her:\u00a0 Hund og Tr\u00e6ning L\u00e6s her om et meget engageret firma der har en sp\u00e6ndende blog og mange gode foredrag, kurser + uddannelser. Jeg har taget Instrukt\u00f8ruddannelsen, Rally Instrukt\u00f8ruddannelsen, Nosework-instrukt\u00f8ruddannelse og er nu i gang med uddannelse til adf\u00e6rdsr\u00e5dgiver. Susannes &hellip; <a href=\"https:\/\/klikkerhunden.dk\/tlinedk\/?page_id=254\" class=\"more-link\">L\u00e6s videre<span class=\"screen-reader-text\"> &#8220;Links&#8221;<\/span><\/a><\/p>\n","protected":false},"author":1,"featured_media":0,"parent":0,"menu_order":0,"comment_status":"closed","ping_status":"closed","template":"","meta":{"footnotes":""},"class_list":["post-254","page","type-page","status-publish","hentry"],"_links":{"self":[{"href":"https:\/\/klikkerhunden.dk\/tlinedk\/index.php?rest_route=\/wp\/v2\/pages\/254","targetHints":{"allow":["GET"]}}],"collection":[{"href":"https:\/\/klikkerhunden.dk\/tlinedk\/index.php?rest_route=\/wp\/v2\/pages"}],"about":[{"href":"https:\/\/klikkerhunden.dk\/tlinedk\/index.php?rest_route=\/wp\/v2\/types\/page"}],"author":[{"embeddable":true,"href":"https:\/\/klikkerhunden.dk\/tlinedk\/index.php?rest_route=\/wp\/v2\/users\/1"}],"replies":[{"embeddable":true,"href":"https:\/\/klikkerhunden.dk\/tlinedk\/index.php?rest_route=%2Fwp%2Fv2%2Fcomments&post=254"}],"version-history":[{"count":9,"href":"https:\/\/klikkerhunden.dk\/tlinedk\/index.php?rest_route=\/wp\/v2\/pages\/254\/revisions"}],"predecessor-version":[{"id":710,"href":"https:\/\/klikkerhunden.dk\/tlinedk\/index.php?rest_route=\/wp\/v2\/pages\/254\/revisions\/710"}],"wp:attachment":[{"href":"https:\/\/klikkerhunden.dk\/tlinedk\/index.php?rest_route=%2Fwp%2Fv2%2Fmedia&parent=254"}],"curies":[{"name":"wp","href":"https:\/\/api.w.org\/{rel}","templated":true}]}}