{"id":244,"date":"2016-08-20T10:49:58","date_gmt":"2016-08-20T10:49:58","guid":{"rendered":"https:\/\/klikkerhunden.dk\/tlinedk\/?page_id=244"},"modified":"2019-03-20T09:07:42","modified_gmt":"2019-03-20T08:07:42","slug":"hundeskole","status":"publish","type":"page","link":"https:\/\/klikkerhunden.dk\/tlinedk\/?page_id=244","title":{"rendered":"Hundeskole"},"content":{"rendered":"<p><strong>Hundeskole<br \/>\n<\/strong>Det var egentlig ikke fordi jeg ville v\u00e6re hundetr\u00e6ner, at jeg startede uddannelserne hos Hund &amp; Tr\u00e6ning, men for at blive dygtigere til at tr\u00e6ne egne hunde. Bagefter t\u00e6nkte jeg (ligesom mange f\u00f8r og efter mig), at det her er for godt til ikke at blive brugt og jeg startede min hundeskole Klikkerhunden.dk , der l\u00e6nge har v\u00e6ret lagt p\u00e5 is pgra for lidt fritid, men nu starter igen for fuld skrue til maj 2019 med tr\u00e6ningspladser i \u00d8lsted og Vinder\u00f8d<\/p>\n<p><a href=\"http:\/\/www.klikkerhunden.dk\"><img loading=\"lazy\" decoding=\"async\" src=\"http:\/\/www.klikkerhunden.dk\/images\/basisgrafik\/klikkerhunden-logo6.png\" alt=\"klikkerhunden-logo6\" width=\"275\" height=\"95\" \/><\/a><\/p>\n<p><strong>\u00a0<\/strong>Det er mange teorier om hvordan hunde t\u00e6nker og hvordan vi bedst kommunikerer med dem. Man kan godt f\u00e5 indtryk af, at det er ret heldigt for nogle af disse mere eller mindre selvbestaltede eksperter at hovedpersonen &#8211; hunden selv &#8211; ikke har en chance for at udtale sig om emnet!<\/p>\n<p>Jeg er blevet bidt af klikkertr\u00e6ning og teorien bag, der er baseret p\u00e5 adf\u00e6rdsforskning. Det er en helt anderledes tr\u00e6ning end den der traditionelt har pr\u00e6get hundeverdenen, idet det grundl\u00e6ggende er, at her er det er hunden, der er den mest aktive &#8211; \u00a0som tilbyder adf\u00e6rd der bliver bel\u00f8nnet (forst\u00e6rket) og f\u00f8rst n\u00e5r adf\u00e6rden er vel-etableret s\u00e6ttes der\u00a0signal p\u00e5.<\/p>\n<p>Den adf\u00e6rd vi \u00f8nsker bliver bel\u00f8nnet (positiv forst\u00e6rkning)- den vi ikke \u00f8nsker ignoreres &#8211; alts\u00e5 her er ikke tale om straf eller ubehag.<\/p>\n<ul>\n<li><span style=\"color: #ff0000;\">KUN positive tr\u00e6ningsmetoder<\/span><\/li>\n<li><span style=\"color: #ff0000;\">Glem alt om at forklare al hundetr\u00e6ning ud fra &#8220;Lederskabsteorier&#8221; og &#8220;Hunden er et flokdyr-teorier&#8221; og &#8220;Den ved jo godt\u00a0hvad den skal&#8221;<\/span><\/li>\n<li><span style=\"color: #ff0000;\">ALDRIG\u00a0h\u00e5rde, voldelige metoder i hundeopdragelse.\u00a0<\/span><\/li>\n<li><span style=\"color: #ff0000;\">Hunden har altid ret!<\/span><\/li>\n<li><span style=\"color: #ff0000;\">Hundetr\u00e6ning klares ikke med et &#8220;Quick fix&#8221; men er en gradvis &#8211; og herlig &#8211; proces i samarbejde med din bedste ven.<\/span><\/li>\n<\/ul>\n","protected":false},"excerpt":{"rendered":"<p>Hundeskole Det var egentlig ikke fordi jeg ville v\u00e6re hundetr\u00e6ner, at jeg startede uddannelserne hos Hund &amp; Tr\u00e6ning, men for at blive dygtigere til at tr\u00e6ne egne hunde. Bagefter t\u00e6nkte jeg (ligesom mange f\u00f8r og efter mig), at det her er for godt til ikke at blive brugt og jeg startede min hundeskole Klikkerhunden.dk , &hellip; <a href=\"https:\/\/klikkerhunden.dk\/tlinedk\/?page_id=244\" class=\"more-link\">L\u00e6s videre<span class=\"screen-reader-text\"> &#8220;Hundeskole&#8221;<\/span><\/a><\/p>\n","protected":false},"author":1,"featured_media":0,"parent":0,"menu_order":0,"comment_status":"closed","ping_status":"closed","template":"","meta":{"footnotes":""},"class_list":["post-244","page","type-page","status-publish","hentry"],"_links":{"self":[{"href":"https:\/\/klikkerhunden.dk\/tlinedk\/index.php?rest_route=\/wp\/v2\/pages\/244","targetHints":{"allow":["GET"]}}],"collection":[{"href":"https:\/\/klikkerhunden.dk\/tlinedk\/index.php?rest_route=\/wp\/v2\/pages"}],"about":[{"href":"https:\/\/klikkerhunden.dk\/tlinedk\/index.php?rest_route=\/wp\/v2\/types\/page"}],"author":[{"embeddable":true,"href":"https:\/\/klikkerhunden.dk\/tlinedk\/index.php?rest_route=\/wp\/v2\/users\/1"}],"replies":[{"embeddable":true,"href":"https:\/\/klikkerhunden.dk\/tlinedk\/index.php?rest_route=%2Fwp%2Fv2%2Fcomments&post=244"}],"version-history":[{"count":8,"href":"https:\/\/klikkerhunden.dk\/tlinedk\/index.php?rest_route=\/wp\/v2\/pages\/244\/revisions"}],"predecessor-version":[{"id":581,"href":"https:\/\/klikkerhunden.dk\/tlinedk\/index.php?rest_route=\/wp\/v2\/pages\/244\/revisions\/581"}],"wp:attachment":[{"href":"https:\/\/klikkerhunden.dk\/tlinedk\/index.php?rest_route=%2Fwp%2Fv2%2Fmedia&parent=244"}],"curies":[{"name":"wp","href":"https:\/\/api.w.org\/{rel}","templated":true}]}}