{"id":236,"date":"2016-08-20T10:41:05","date_gmt":"2016-08-20T10:41:05","guid":{"rendered":"https:\/\/klikkerhunden.dk\/tlinedk\/?page_id=236"},"modified":"2016-09-25T11:21:24","modified_gmt":"2016-09-25T09:21:24","slug":"bogreolen","status":"publish","type":"page","link":"https:\/\/klikkerhunden.dk\/tlinedk\/?page_id=236","title":{"rendered":"Bogreolen"},"content":{"rendered":"<p><span style=\"color: #ff0000;\"><strong>P\u00e5 bogreolen st\u00e5r<\/strong> &#8211; blandt andet<\/span>:<\/p>\n<p>Karen Ulrich &amp; Christina Ingerslev: Klik dig til succes.<\/p>\n<p>Brenda Aloff: Canine Body Language<\/p>\n<p>Paul Chance: Learning and Behaviour.<\/p>\n<p>Ray Coppinger: &#8220;Dogs&#8221;<\/p>\n<p>Hanne Mathiasen: Opdr\u00e6t &#8211; med omhu og omtanke<\/p>\n<p>Karen Pryor: Don&#8217;t shoot the dog<\/p>\n<p>Karen Pryor: Klikkertr\u00e6ning af hunde<\/p>\n<p>Cecilie K\u00f8ste og Mogens Egtved: Lydighedstrening i teori og praksis<\/p>\n<p>Morten Egtved og Cecilie K\u00f8ste: Klikkertr\u00e6ning for din hund<\/p>\n<p>Jean Donaldson: Kulturkollisjonen mellom hund og menneske<\/p>\n<p>Jean Donaldson: Oh Behave<\/p>\n<p>Jean Donaldson: Dogs are from Neptue<\/p>\n<p>Train our dog as a pro<\/p>\n<p>Terry Ryan: Coaching People to Train their Dogs<\/p>\n<p>Anders Hallgren: Alfasyndromet<\/p>\n<p>Anders Hallgren: Problemhund og Hundeproblemer<\/p>\n<p>Christina Ingerslev. Politikkens hundeskole<\/p>\n<p>Freddy Worm Christiansen: Hundes og ulves adf\u00e6rd<\/p>\n<p>Turid Rugaaas: P\u00e5 talefod med hunden &#8211; de d\u00e6mpende signaler.<\/p>\n<p>Sven J\u00e4rverud og Gunvor af Klinteberg-J\u00e4rverud: Din hund &#8211; som hvalp og unghund<\/p>\n<p>Martina Scholtz &amp; Clasrissa von Reinhardt: Stress in Dogs<\/p>\n<p>Ren\u00e9e Sj\u00f6berg: Hundesprog. Etologi i ord og billeder<\/p>\n<p>Niina og Kenth Svartberg: Med sikte p\u00e5 10\u00e9ren.<\/p>\n<p>Anne L. Buvik og Tove Solberg: Valping &#8211; drektighed, f\u00f8dsel og valpestell.<\/p>\n<p>Birgitte Schj\u00f8th: Hvalpe p\u00e5 vej<\/p>\n<p>Kathy Sdao: Plenty in Life is Free.<\/p>\n<p>Rikke Agnete Olsen: Hunden i historien.<\/p>\n<p>Inside of a Dog<\/p>\n<p>Chill out Fido<\/p>\n<p>&nbsp;<\/p>\n","protected":false},"excerpt":{"rendered":"<p>P\u00e5 bogreolen st\u00e5r &#8211; blandt andet: Karen Ulrich &amp; Christina Ingerslev: Klik dig til succes. Brenda Aloff: Canine Body Language Paul Chance: Learning and Behaviour. Ray Coppinger: &#8220;Dogs&#8221; Hanne Mathiasen: Opdr\u00e6t &#8211; med omhu og omtanke Karen Pryor: Don&#8217;t shoot the dog Karen Pryor: Klikkertr\u00e6ning af hunde Cecilie K\u00f8ste og Mogens Egtved: Lydighedstrening i teori &hellip; <a href=\"https:\/\/klikkerhunden.dk\/tlinedk\/?page_id=236\" class=\"more-link\">L\u00e6s videre<span class=\"screen-reader-text\"> &#8220;Bogreolen&#8221;<\/span><\/a><\/p>\n","protected":false},"author":1,"featured_media":0,"parent":0,"menu_order":0,"comment_status":"closed","ping_status":"closed","template":"","meta":{"footnotes":""},"class_list":["post-236","page","type-page","status-publish","hentry"],"_links":{"self":[{"href":"https:\/\/klikkerhunden.dk\/tlinedk\/index.php?rest_route=\/wp\/v2\/pages\/236","targetHints":{"allow":["GET"]}}],"collection":[{"href":"https:\/\/klikkerhunden.dk\/tlinedk\/index.php?rest_route=\/wp\/v2\/pages"}],"about":[{"href":"https:\/\/klikkerhunden.dk\/tlinedk\/index.php?rest_route=\/wp\/v2\/types\/page"}],"author":[{"embeddable":true,"href":"https:\/\/klikkerhunden.dk\/tlinedk\/index.php?rest_route=\/wp\/v2\/users\/1"}],"replies":[{"embeddable":true,"href":"https:\/\/klikkerhunden.dk\/tlinedk\/index.php?rest_route=%2Fwp%2Fv2%2Fcomments&post=236"}],"version-history":[{"count":5,"href":"https:\/\/klikkerhunden.dk\/tlinedk\/index.php?rest_route=\/wp\/v2\/pages\/236\/revisions"}],"predecessor-version":[{"id":338,"href":"https:\/\/klikkerhunden.dk\/tlinedk\/index.php?rest_route=\/wp\/v2\/pages\/236\/revisions\/338"}],"wp:attachment":[{"href":"https:\/\/klikkerhunden.dk\/tlinedk\/index.php?rest_route=%2Fwp%2Fv2%2Fmedia&parent=236"}],"curies":[{"name":"wp","href":"https:\/\/api.w.org\/{rel}","templated":true}]}}