{"id":142,"date":"2016-08-10T12:01:00","date_gmt":"2016-08-10T12:01:00","guid":{"rendered":"https:\/\/klikkerhunden.dk\/tlinedk\/?page_id=142"},"modified":"2017-01-01T18:24:36","modified_gmt":"2017-01-01T17:24:36","slug":"videoer","status":"publish","type":"page","link":"https:\/\/klikkerhunden.dk\/tlinedk\/?page_id=142","title":{"rendered":"Videoer"},"content":{"rendered":"<p>S\u00e5dan har jeg l\u00e6rt Twitter at apportere. Hun &#8220;dutter&#8221; p\u00e5 min h\u00e5nd med dummyen og holder den helt stille til jeg siger slip. S\u00e5 ingen problemer med at l\u00f8be helt hen til mig, og ingen problemer med at slippe dummyen n\u00e5r min h\u00e5nd kommer ned<\/p>\n<p>&nbsp;<\/p>\n<p>&nbsp;<\/p>\n<div style=\"width: 840px;\" class=\"wp-video\"><!--[if lt IE 9]><script>document.createElement('video');<\/script><![endif]-->\n<video class=\"wp-video-shortcode\" id=\"video-142-1\" width=\"840\" height=\"472\" preload=\"metadata\" controls=\"controls\"><source type=\"video\/mp4\" src=\"https:\/\/klikkerhunden.dk\/tlinedk\/wp-content\/uploads\/2016\/06\/apport.mp4?_=1\" \/><a href=\"https:\/\/klikkerhunden.dk\/tlinedk\/wp-content\/uploads\/2016\/06\/apport.mp4\">https:\/\/klikkerhunden.dk\/tlinedk\/wp-content\/uploads\/2016\/06\/apport.mp4<\/a><\/video><\/div>\n<p>&nbsp;<\/p>\n<p>Indl\u00e6ring af rolig hund ved soignering: &#8220;strigling&#8221; og kloklip<\/p>\n<p><iframe loading=\"lazy\" width=\"840\" height=\"473\" src=\"https:\/\/www.youtube.com\/embed\/HbwiOPoCxCk?feature=oembed\" frameborder=\"0\" allowfullscreen><\/iframe><\/p>\n<p>&nbsp;<\/p>\n<p><iframe loading=\"lazy\" width=\"840\" height=\"473\" src=\"https:\/\/www.youtube.com\/embed\/ahE7qyD8Q3s?feature=oembed\" frameborder=\"0\" allowfullscreen><\/iframe><\/p>\n<p>Bagpartskontrol &#8211; balance og styrketr\u00e6ning \ud83d\ude42<\/p>\n<p><iframe loading=\"lazy\" width=\"840\" height=\"473\" src=\"https:\/\/www.youtube.com\/embed\/j5KUa5lFILA?feature=oembed\" frameborder=\"0\" allowfullscreen><\/iframe><\/p>\n<p>Lidt fri ved fod januar 2016<\/p>\n<p><iframe loading=\"lazy\" width=\"840\" height=\"473\" src=\"https:\/\/www.youtube.com\/embed\/IWkub1s6ua4?feature=oembed\" frameborder=\"0\" allowfullscreen><\/iframe><\/p>\n<p>&nbsp;<\/p>\n<p>&nbsp;<\/p>\n<p>Twitter 4 m\u00e5neder gammel &#8211; ren dogme kvalitet (!) men man kan godt se hvor dygtig den lille hund er<\/p>\n<p><iframe loading=\"lazy\" width=\"840\" height=\"473\" src=\"https:\/\/www.youtube.com\/embed\/eE0rGQXdwnA?feature=oembed\" frameborder=\"0\" allowfullscreen><\/iframe><\/p>\n<p>&nbsp;<\/p>\n<p>Twitter 5 mdr\u00a0finder lille d\u00e5se med godbidder langt inde i skoven<\/p>\n<p>&nbsp;<\/p>\n<p>&nbsp;<\/p>\n<p><iframe loading=\"lazy\" width=\"840\" height=\"630\" src=\"https:\/\/www.youtube.com\/embed\/5yKzVyAkq04?feature=oembed\" frameborder=\"0\" allowfullscreen><\/iframe><\/p>\n<p>&nbsp;<\/p>\n","protected":false},"excerpt":{"rendered":"<p>S\u00e5dan har jeg l\u00e6rt Twitter at apportere. Hun &#8220;dutter&#8221; p\u00e5 min h\u00e5nd med dummyen og holder den helt stille til jeg siger slip. S\u00e5 ingen problemer med at l\u00f8be helt hen til mig, og ingen problemer med at slippe dummyen n\u00e5r min h\u00e5nd kommer ned &nbsp; &nbsp; &nbsp; Indl\u00e6ring af rolig hund ved soignering: &#8220;strigling&#8221; &hellip; <a href=\"https:\/\/klikkerhunden.dk\/tlinedk\/?page_id=142\" class=\"more-link\">L\u00e6s videre<span class=\"screen-reader-text\"> &#8220;Videoer&#8221;<\/span><\/a><\/p>\n","protected":false},"author":1,"featured_media":0,"parent":0,"menu_order":0,"comment_status":"closed","ping_status":"closed","template":"","meta":{"footnotes":""},"class_list":["post-142","page","type-page","status-publish","hentry"],"_links":{"self":[{"href":"https:\/\/klikkerhunden.dk\/tlinedk\/index.php?rest_route=\/wp\/v2\/pages\/142","targetHints":{"allow":["GET"]}}],"collection":[{"href":"https:\/\/klikkerhunden.dk\/tlinedk\/index.php?rest_route=\/wp\/v2\/pages"}],"about":[{"href":"https:\/\/klikkerhunden.dk\/tlinedk\/index.php?rest_route=\/wp\/v2\/types\/page"}],"author":[{"embeddable":true,"href":"https:\/\/klikkerhunden.dk\/tlinedk\/index.php?rest_route=\/wp\/v2\/users\/1"}],"replies":[{"embeddable":true,"href":"https:\/\/klikkerhunden.dk\/tlinedk\/index.php?rest_route=%2Fwp%2Fv2%2Fcomments&post=142"}],"version-history":[{"count":13,"href":"https:\/\/klikkerhunden.dk\/tlinedk\/index.php?rest_route=\/wp\/v2\/pages\/142\/revisions"}],"predecessor-version":[{"id":420,"href":"https:\/\/klikkerhunden.dk\/tlinedk\/index.php?rest_route=\/wp\/v2\/pages\/142\/revisions\/420"}],"wp:attachment":[{"href":"https:\/\/klikkerhunden.dk\/tlinedk\/index.php?rest_route=%2Fwp%2Fv2%2Fmedia&parent=142"}],"curies":[{"name":"wp","href":"https:\/\/api.w.org\/{rel}","templated":true}]}}