{"id":126,"date":"2016-08-10T10:52:30","date_gmt":"2016-08-10T10:52:30","guid":{"rendered":"https:\/\/klikkerhunden.dk\/tlinedk\/?page_id=126"},"modified":"2017-02-11T13:48:31","modified_gmt":"2017-02-11T12:48:31","slug":"twitter-foto","status":"publish","type":"page","link":"https:\/\/klikkerhunden.dk\/tlinedk\/?page_id=126","title":{"rendered":"Twitter foto"},"content":{"rendered":"<blockquote>\n<p style=\"text-align: justify; padding-left: 30px;\">Foto taget af www.vipasserhund.dk :<br \/>\nOktober 2016<\/p>\n<\/blockquote>\n<p style=\"text-align: justify; padding-left: 30px;\"><a href=\"https:\/\/klikkerhunden.dk\/tlinedk\/wp-content\/uploads\/2016\/08\/twitter_down_1.jpg\"><img loading=\"lazy\" decoding=\"async\" class=\"alignleft size-medium wp-image-380\" src=\"https:\/\/klikkerhunden.dk\/tlinedk\/wp-content\/uploads\/2016\/08\/twitter_down_1-300x200.jpg\" alt=\"twitter_down_1\" width=\"300\" height=\"200\" srcset=\"https:\/\/klikkerhunden.dk\/tlinedk\/wp-content\/uploads\/2016\/08\/twitter_down_1-300x200.jpg 300w, https:\/\/klikkerhunden.dk\/tlinedk\/wp-content\/uploads\/2016\/08\/twitter_down_1-768x512.jpg 768w, https:\/\/klikkerhunden.dk\/tlinedk\/wp-content\/uploads\/2016\/08\/twitter_down_1-1024x683.jpg 1024w, https:\/\/klikkerhunden.dk\/tlinedk\/wp-content\/uploads\/2016\/08\/twitter_down_1-1200x800.jpg 1200w, https:\/\/klikkerhunden.dk\/tlinedk\/wp-content\/uploads\/2016\/08\/twitter_down_1.jpg 1500w\" sizes=\"auto, (max-width: 300px) 85vw, 300px\" \/><\/a><\/p>\n<p style=\"text-align: justify; padding-left: 30px;\"><a href=\"https:\/\/klikkerhunden.dk\/tlinedk\/wp-content\/uploads\/2016\/06\/smukke_twit.jpg\"><img loading=\"lazy\" decoding=\"async\" class=\"alignleft size-medium wp-image-391\" src=\"https:\/\/klikkerhunden.dk\/tlinedk\/wp-content\/uploads\/2016\/06\/smukke_twit-300x200.jpg\" alt=\"smukke_twit\" width=\"300\" height=\"200\" srcset=\"https:\/\/klikkerhunden.dk\/tlinedk\/wp-content\/uploads\/2016\/06\/smukke_twit-300x200.jpg 300w, https:\/\/klikkerhunden.dk\/tlinedk\/wp-content\/uploads\/2016\/06\/smukke_twit-768x512.jpg 768w, https:\/\/klikkerhunden.dk\/tlinedk\/wp-content\/uploads\/2016\/06\/smukke_twit-1024x683.jpg 1024w, https:\/\/klikkerhunden.dk\/tlinedk\/wp-content\/uploads\/2016\/06\/smukke_twit-1200x800.jpg 1200w, https:\/\/klikkerhunden.dk\/tlinedk\/wp-content\/uploads\/2016\/06\/smukke_twit.jpg 1500w\" sizes=\"auto, (max-width: 300px) 85vw, 300px\" \/><br \/>\n<\/a><\/p>\n<p style=\"text-align: justify; padding-left: 30px;\"><a href=\"https:\/\/klikkerhunden.dk\/tlinedk\/wp-content\/uploads\/2016\/08\/IMG_9042-Edit.jpg\"><img loading=\"lazy\" decoding=\"async\" class=\"alignleft size-medium wp-image-394\" src=\"https:\/\/klikkerhunden.dk\/tlinedk\/wp-content\/uploads\/2016\/08\/IMG_9042-Edit-300x200.jpg\" alt=\"img_9042-edit\" width=\"300\" height=\"200\" srcset=\"https:\/\/klikkerhunden.dk\/tlinedk\/wp-content\/uploads\/2016\/08\/IMG_9042-Edit-300x200.jpg 300w, https:\/\/klikkerhunden.dk\/tlinedk\/wp-content\/uploads\/2016\/08\/IMG_9042-Edit-768x512.jpg 768w, https:\/\/klikkerhunden.dk\/tlinedk\/wp-content\/uploads\/2016\/08\/IMG_9042-Edit-1024x683.jpg 1024w, https:\/\/klikkerhunden.dk\/tlinedk\/wp-content\/uploads\/2016\/08\/IMG_9042-Edit-1200x800.jpg 1200w, https:\/\/klikkerhunden.dk\/tlinedk\/wp-content\/uploads\/2016\/08\/IMG_9042-Edit.jpg 1500w\" sizes=\"auto, (max-width: 300px) 85vw, 300px\" \/><\/a><\/p>\n<p style=\"text-align: justify; padding-left: 30px;\"><a href=\"https:\/\/klikkerhunden.dk\/tlinedk\/wp-content\/uploads\/2016\/09\/twitter_1.jpg\"><img loading=\"lazy\" decoding=\"async\" class=\"alignleft size-medium wp-image-376\" src=\"https:\/\/klikkerhunden.dk\/tlinedk\/wp-content\/uploads\/2016\/09\/twitter_1-300x200.jpg\" alt=\"twitter_1\" width=\"300\" height=\"200\" srcset=\"https:\/\/klikkerhunden.dk\/tlinedk\/wp-content\/uploads\/2016\/09\/twitter_1-300x200.jpg 300w, https:\/\/klikkerhunden.dk\/tlinedk\/wp-content\/uploads\/2016\/09\/twitter_1-768x512.jpg 768w, https:\/\/klikkerhunden.dk\/tlinedk\/wp-content\/uploads\/2016\/09\/twitter_1-1024x683.jpg 1024w, https:\/\/klikkerhunden.dk\/tlinedk\/wp-content\/uploads\/2016\/09\/twitter_1-1200x800.jpg 1200w, https:\/\/klikkerhunden.dk\/tlinedk\/wp-content\/uploads\/2016\/09\/twitter_1.jpg 1500w\" sizes=\"auto, (max-width: 300px) 85vw, 300px\" \/><\/a><\/p>\n<p>&nbsp;<\/p>\n<p>&nbsp;<\/p>\n<p>&nbsp;<\/p>\n<p>&nbsp;<\/p>\n<p>&nbsp;<\/p>\n<p>&nbsp;<\/p>\n<p>&nbsp;<\/p>\n<p>&nbsp;<\/p>\n<p>2016 &#8211; fotosession med Svetlana &#8211; <em>action!<\/em><\/p>\n<p><a href=\"https:\/\/klikkerhunden.dk\/tlinedk\/wp-content\/uploads\/2016\/08\/13516637_10209376767513352_2386761785735835243_n.jpg\"><u><span style=\"color: #000080;\"><img loading=\"lazy\" decoding=\"async\" class=\"alignnone size-medium wp-image-185\" src=\"https:\/\/klikkerhunden.dk\/tlinedk\/wp-content\/uploads\/2016\/08\/13516637_10209376767513352_2386761785735835243_n-300x200.jpg\" alt=\"13516637_10209376767513352_2386761785735835243_n\" width=\"300\" height=\"200\" srcset=\"https:\/\/klikkerhunden.dk\/tlinedk\/wp-content\/uploads\/2016\/08\/13516637_10209376767513352_2386761785735835243_n-300x200.jpg 300w, https:\/\/klikkerhunden.dk\/tlinedk\/wp-content\/uploads\/2016\/08\/13516637_10209376767513352_2386761785735835243_n-768x512.jpg 768w, https:\/\/klikkerhunden.dk\/tlinedk\/wp-content\/uploads\/2016\/08\/13516637_10209376767513352_2386761785735835243_n.jpg 960w\" sizes=\"auto, (max-width: 300px) 85vw, 300px\" \/><\/span><\/u><\/a><\/p>\n<p><u><span style=\"color: #000080;\">\u00a0<\/span><\/u><\/p>\n<p><a href=\"https:\/\/klikkerhunden.dk\/tlinedk\/wp-content\/uploads\/2016\/08\/13537689_10209376768433375_1533842319465356383_n.jpg\"><img loading=\"lazy\" decoding=\"async\" class=\"alignleft size-medium wp-image-194\" src=\"https:\/\/klikkerhunden.dk\/tlinedk\/wp-content\/uploads\/2016\/08\/13537689_10209376768433375_1533842319465356383_n-300x199.jpg\" alt=\"13537689_10209376768433375_1533842319465356383_n\" width=\"300\" height=\"199\" srcset=\"https:\/\/klikkerhunden.dk\/tlinedk\/wp-content\/uploads\/2016\/08\/13537689_10209376768433375_1533842319465356383_n-300x199.jpg 300w, https:\/\/klikkerhunden.dk\/tlinedk\/wp-content\/uploads\/2016\/08\/13537689_10209376768433375_1533842319465356383_n-768x510.jpg 768w, https:\/\/klikkerhunden.dk\/tlinedk\/wp-content\/uploads\/2016\/08\/13537689_10209376768433375_1533842319465356383_n.jpg 960w\" sizes=\"auto, (max-width: 300px) 85vw, 300px\" \/><\/a><\/p>\n<p>&nbsp;<\/p>\n<p>&nbsp;<\/p>\n<p>&nbsp;<\/p>\n<p>&nbsp;<\/p>\n<p>&nbsp;<\/p>\n<p>2014 &#8211; sk\u00f8nne billeder tager af hundefotografen.dk\u00a0 Marlene Birkeb\u00e6k &#8211;<em> mere\u00a0 action!<\/em><a href=\"https:\/\/klikkerhunden.dk\/tlinedk\/wp-content\/uploads\/2016\/08\/image-3.jpeg\"><img loading=\"lazy\" decoding=\"async\" class=\"alignleft size-medium wp-image-328\" src=\"https:\/\/klikkerhunden.dk\/tlinedk\/wp-content\/uploads\/2016\/08\/image-3-300x200.jpeg\" alt=\"image\" width=\"300\" height=\"200\" srcset=\"https:\/\/klikkerhunden.dk\/tlinedk\/wp-content\/uploads\/2016\/08\/image-3-300x200.jpeg 300w, https:\/\/klikkerhunden.dk\/tlinedk\/wp-content\/uploads\/2016\/08\/image-3-768x512.jpeg 768w, https:\/\/klikkerhunden.dk\/tlinedk\/wp-content\/uploads\/2016\/08\/image-3.jpeg 940w\" sizes=\"auto, (max-width: 300px) 85vw, 300px\" \/><\/a><\/p>\n<p><a href=\"https:\/\/klikkerhunden.dk\/tlinedk\/wp-content\/uploads\/2016\/08\/image-4.jpeg\"><img loading=\"lazy\" decoding=\"async\" class=\"alignleft size-medium wp-image-329\" src=\"https:\/\/klikkerhunden.dk\/tlinedk\/wp-content\/uploads\/2016\/08\/image-4-300x200.jpeg\" alt=\"image\" width=\"300\" height=\"200\" srcset=\"https:\/\/klikkerhunden.dk\/tlinedk\/wp-content\/uploads\/2016\/08\/image-4-300x200.jpeg 300w, https:\/\/klikkerhunden.dk\/tlinedk\/wp-content\/uploads\/2016\/08\/image-4-768x512.jpeg 768w, https:\/\/klikkerhunden.dk\/tlinedk\/wp-content\/uploads\/2016\/08\/image-4.jpeg 940w\" sizes=\"auto, (max-width: 300px) 85vw, 300px\" \/><\/a> <a href=\"https:\/\/klikkerhunden.dk\/tlinedk\/wp-content\/uploads\/2016\/08\/image-5.jpeg\"><img loading=\"lazy\" decoding=\"async\" class=\"alignleft size-medium wp-image-330\" src=\"https:\/\/klikkerhunden.dk\/tlinedk\/wp-content\/uploads\/2016\/08\/image-5-300x200.jpeg\" alt=\"image\" width=\"300\" height=\"200\" srcset=\"https:\/\/klikkerhunden.dk\/tlinedk\/wp-content\/uploads\/2016\/08\/image-5-300x200.jpeg 300w, https:\/\/klikkerhunden.dk\/tlinedk\/wp-content\/uploads\/2016\/08\/image-5-768x512.jpeg 768w, https:\/\/klikkerhunden.dk\/tlinedk\/wp-content\/uploads\/2016\/08\/image-5.jpeg 940w\" sizes=\"auto, (max-width: 300px) 85vw, 300px\" \/><\/a> <a href=\"https:\/\/klikkerhunden.dk\/tlinedk\/wp-content\/uploads\/2016\/08\/image-6.jpeg\"><img loading=\"lazy\" decoding=\"async\" class=\"alignleft size-medium wp-image-331\" src=\"https:\/\/klikkerhunden.dk\/tlinedk\/wp-content\/uploads\/2016\/08\/image-6-300x200.jpeg\" alt=\"image\" width=\"300\" height=\"200\" srcset=\"https:\/\/klikkerhunden.dk\/tlinedk\/wp-content\/uploads\/2016\/08\/image-6-300x200.jpeg 300w, https:\/\/klikkerhunden.dk\/tlinedk\/wp-content\/uploads\/2016\/08\/image-6-768x512.jpeg 768w, https:\/\/klikkerhunden.dk\/tlinedk\/wp-content\/uploads\/2016\/08\/image-6.jpeg 940w\" sizes=\"auto, (max-width: 300px) 85vw, 300px\" \/><br \/>\n<\/a><\/p>\n<p>&nbsp;<\/p>\n<p>&nbsp;<\/p>\n<p>&nbsp;<\/p>\n<p>&nbsp;<\/p>\n<p>&nbsp;<\/p>\n<p>&nbsp;<\/p>\n<p><a href=\"https:\/\/klikkerhunden.dk\/tlinedk\/wp-content\/uploads\/2016\/08\/image.jpeg\">\u00a0<\/a><\/p>\n<p>&nbsp;<\/p>\n<blockquote><p><a href=\"https:\/\/klikkerhunden.dk\/tlinedk\/wp-content\/uploads\/2016\/08\/IMG_0020.jpg\"><img loading=\"lazy\" decoding=\"async\" class=\"size-medium wp-image-451 alignleft\" src=\"https:\/\/klikkerhunden.dk\/tlinedk\/wp-content\/uploads\/2016\/08\/IMG_0020-225x300.jpg\" alt=\"IMG_0020\" width=\"225\" height=\"300\" srcset=\"https:\/\/klikkerhunden.dk\/tlinedk\/wp-content\/uploads\/2016\/08\/IMG_0020-225x300.jpg 225w, https:\/\/klikkerhunden.dk\/tlinedk\/wp-content\/uploads\/2016\/08\/IMG_0020-768x1024.jpg 768w, https:\/\/klikkerhunden.dk\/tlinedk\/wp-content\/uploads\/2016\/08\/IMG_0020-1200x1600.jpg 1200w, https:\/\/klikkerhunden.dk\/tlinedk\/wp-content\/uploads\/2016\/08\/IMG_0020.jpg 1537w\" sizes=\"auto, (max-width: 225px) 85vw, 225px\" \/><\/a> <a href=\"https:\/\/klikkerhunden.dk\/tlinedk\/wp-content\/uploads\/2016\/08\/IMG_0022.jpg\"><img loading=\"lazy\" decoding=\"async\" class=\"alignleft size-medium wp-image-452\" src=\"https:\/\/klikkerhunden.dk\/tlinedk\/wp-content\/uploads\/2016\/08\/IMG_0022-200x300.jpg\" alt=\"IMG_0022\" width=\"200\" height=\"300\" srcset=\"https:\/\/klikkerhunden.dk\/tlinedk\/wp-content\/uploads\/2016\/08\/IMG_0022-200x300.jpg 200w, https:\/\/klikkerhunden.dk\/tlinedk\/wp-content\/uploads\/2016\/08\/IMG_0022.jpg 640w\" sizes=\"auto, (max-width: 200px) 85vw, 200px\" \/><\/a> <a href=\"https:\/\/klikkerhunden.dk\/tlinedk\/wp-content\/uploads\/2016\/08\/IMG_0025.jpg\"><img loading=\"lazy\" decoding=\"async\" class=\"alignleft size-medium wp-image-453\" src=\"https:\/\/klikkerhunden.dk\/tlinedk\/wp-content\/uploads\/2016\/08\/IMG_0025-225x300.jpg\" alt=\"IMG_0025\" width=\"225\" height=\"300\" srcset=\"https:\/\/klikkerhunden.dk\/tlinedk\/wp-content\/uploads\/2016\/08\/IMG_0025-225x300.jpg 225w, https:\/\/klikkerhunden.dk\/tlinedk\/wp-content\/uploads\/2016\/08\/IMG_0025-768x1024.jpg 768w, https:\/\/klikkerhunden.dk\/tlinedk\/wp-content\/uploads\/2016\/08\/IMG_0025-1200x1600.jpg 1200w, https:\/\/klikkerhunden.dk\/tlinedk\/wp-content\/uploads\/2016\/08\/IMG_0025.jpg 1537w\" sizes=\"auto, (max-width: 225px) 85vw, 225px\" \/><\/a> <a href=\"https:\/\/klikkerhunden.dk\/tlinedk\/wp-content\/uploads\/2016\/08\/IMG_0027.jpg\"><img loading=\"lazy\" decoding=\"async\" class=\"alignleft size-medium wp-image-454\" src=\"https:\/\/klikkerhunden.dk\/tlinedk\/wp-content\/uploads\/2016\/08\/IMG_0027-300x287.jpg\" alt=\"IMG_0027\" width=\"300\" height=\"287\" srcset=\"https:\/\/klikkerhunden.dk\/tlinedk\/wp-content\/uploads\/2016\/08\/IMG_0027-300x287.jpg 300w, https:\/\/klikkerhunden.dk\/tlinedk\/wp-content\/uploads\/2016\/08\/IMG_0027.jpg 424w\" sizes=\"auto, (max-width: 300px) 85vw, 300px\" \/><\/a> <a href=\"https:\/\/klikkerhunden.dk\/tlinedk\/wp-content\/uploads\/2016\/08\/IMG_0029.jpg\"><img loading=\"lazy\" decoding=\"async\" class=\"size-medium wp-image-455 alignleft\" src=\"https:\/\/klikkerhunden.dk\/tlinedk\/wp-content\/uploads\/2016\/08\/IMG_0029-300x200.jpg\" alt=\"IMG_0029\" width=\"300\" height=\"200\" srcset=\"https:\/\/klikkerhunden.dk\/tlinedk\/wp-content\/uploads\/2016\/08\/IMG_0029-300x200.jpg 300w, https:\/\/klikkerhunden.dk\/tlinedk\/wp-content\/uploads\/2016\/08\/IMG_0029.jpg 508w\" sizes=\"auto, (max-width: 300px) 85vw, 300px\" \/><\/a><\/p><\/blockquote>\n<p>Intens hvalpeblik! Twitter 6-7 uger<\/p>\n<p><a href=\"https:\/\/klikkerhunden.dk\/tlinedk\/wp-content\/uploads\/2016\/08\/image.jpeg\"><img loading=\"lazy\" decoding=\"async\" class=\"alignleft size-medium wp-image-323\" src=\"https:\/\/klikkerhunden.dk\/tlinedk\/wp-content\/uploads\/2016\/08\/image-225x300.jpeg\" alt=\"image\" width=\"225\" height=\"300\" srcset=\"https:\/\/klikkerhunden.dk\/tlinedk\/wp-content\/uploads\/2016\/08\/image-225x300.jpeg 225w, https:\/\/klikkerhunden.dk\/tlinedk\/wp-content\/uploads\/2016\/08\/image-768x1024.jpeg 768w, https:\/\/klikkerhunden.dk\/tlinedk\/wp-content\/uploads\/2016\/08\/image-1200x1600.jpeg 1200w, https:\/\/klikkerhunden.dk\/tlinedk\/wp-content\/uploads\/2016\/08\/image.jpeg 1536w\" sizes=\"auto, (max-width: 225px) 85vw, 225px\" \/><br \/>\n<\/a><\/p>\n<p>&nbsp;<\/p>\n<p>&nbsp;<\/p>\n<p>&nbsp;<\/p>\n<p>&nbsp;<\/p>\n<p>&nbsp;<\/p>\n<p>&nbsp;<\/p>\n<p>God kontakt fra 1. dag<\/p>\n<p><a href=\"https:\/\/klikkerhunden.dk\/tlinedk\/wp-content\/uploads\/2016\/05\/snudetarget_1.jpg\"><img loading=\"lazy\" decoding=\"async\" class=\"alignleft wp-image-23\" src=\"https:\/\/klikkerhunden.dk\/tlinedk\/wp-content\/uploads\/2016\/05\/snudetarget_1-300x200.jpg\" alt=\"snudetarget_1\" width=\"396\" height=\"264\" srcset=\"https:\/\/klikkerhunden.dk\/tlinedk\/wp-content\/uploads\/2016\/05\/snudetarget_1-300x200.jpg 300w, https:\/\/klikkerhunden.dk\/tlinedk\/wp-content\/uploads\/2016\/05\/snudetarget_1-768x512.jpg 768w, https:\/\/klikkerhunden.dk\/tlinedk\/wp-content\/uploads\/2016\/05\/snudetarget_1-1024x682.jpg 1024w, https:\/\/klikkerhunden.dk\/tlinedk\/wp-content\/uploads\/2016\/05\/snudetarget_1.jpg 1280w\" sizes=\"auto, (max-width: 396px) 85vw, 396px\" \/><br \/>\n<\/a><\/p>\n<p>&nbsp;<\/p>\n<p>&nbsp;<\/p>\n<p>&nbsp;<\/p>\n<p>&nbsp;<\/p>\n<p>&nbsp;<\/p>\n<p>Det ber\u00f8mte &#8220;Twitter-look&#8221;.<\/p>\n<p><img loading=\"lazy\" decoding=\"async\" title=\"\" src=\"https:\/\/klikkerhunden.dk\/tlinedk\/joomla\/images\/stories\/wpimages\/lilletwitter.jpg\" alt=\"\" width=\"336\" height=\"448\" \/><\/p>\n<p>&nbsp;<\/p>\n<p>Til tr\u00e6ning i Trines Hundeskole<\/p>\n<p><img loading=\"lazy\" decoding=\"async\" title=\"\" src=\"https:\/\/klikkerhunden.dk\/tlinedk\/joomla\/images\/stories\/wpimages\/twitter9mdr.jpg\" alt=\"\" width=\"448\" height=\"298\" \/><\/p>\n<p>&nbsp;<\/p>\n<p>Vinder LP1 &#8211; 1 \u00e5r gammel &#8211; rosetten er n\u00e6sten st\u00f8rre end Twitter!<\/p>\n<p><a href=\"https:\/\/klikkerhunden.dk\/tlinedk\/wp-content\/uploads\/2016\/05\/minlillevinder.jpg\"><img loading=\"lazy\" decoding=\"async\" class=\"alignleft size-medium wp-image-29\" src=\"https:\/\/klikkerhunden.dk\/tlinedk\/wp-content\/uploads\/2016\/05\/minlillevinder-157x300.jpg\" alt=\"minlillevinder\" width=\"157\" height=\"300\" srcset=\"https:\/\/klikkerhunden.dk\/tlinedk\/wp-content\/uploads\/2016\/05\/minlillevinder-157x300.jpg 157w, https:\/\/klikkerhunden.dk\/tlinedk\/wp-content\/uploads\/2016\/05\/minlillevinder.jpg 235w\" sizes=\"auto, (max-width: 157px) 85vw, 157px\" \/><\/a><\/p>\n<p>&nbsp;<\/p>\n<p>&nbsp;<\/p>\n<p>&nbsp;<\/p>\n<p>&nbsp;<\/p>\n<p>&nbsp;<\/p>\n<p>&nbsp;<\/p>\n<p>&nbsp;<\/p>\n<p>&nbsp;<\/p>\n<p>&nbsp;<\/p>\n<p>&nbsp;<\/p>\n<p>&nbsp;<\/p>\n<p>&nbsp;<\/p>\n<p>&nbsp;<\/p>\n<p>&nbsp;<\/p>\n<p>&nbsp;<\/p>\n<p>&nbsp;<\/p>\n<p>&nbsp;<\/p>\n<p>&nbsp;<\/p>\n<p><a href=\"https:\/\/klikkerhunden.dk\/tlinedk\/wp-content\/uploads\/2016\/08\/IMG_9042-Edit.jpg\">\u00a0<\/a><\/p>\n<p>&nbsp;<\/p>\n<p>&nbsp;<\/p>\n<p>&nbsp;<\/p>\n<p>&nbsp;<\/p>\n","protected":false},"excerpt":{"rendered":"<p>Foto taget af www.vipasserhund.dk : Oktober 2016 &nbsp; &nbsp; &nbsp; &nbsp; &nbsp; &nbsp; &nbsp; &nbsp; 2016 &#8211; fotosession med Svetlana &#8211; action! \u00a0 &nbsp; &nbsp; &nbsp; &nbsp; &nbsp; 2014 &#8211; sk\u00f8nne billeder tager af hundefotografen.dk\u00a0 Marlene Birkeb\u00e6k &#8211; mere\u00a0 action! &nbsp; &nbsp; &nbsp; &nbsp; &nbsp; &nbsp; \u00a0 &nbsp; Intens hvalpeblik! Twitter 6-7 uger &nbsp; &nbsp; &hellip; <a href=\"https:\/\/klikkerhunden.dk\/tlinedk\/?page_id=126\" class=\"more-link\">L\u00e6s videre<span class=\"screen-reader-text\"> &#8220;Twitter foto&#8221;<\/span><\/a><\/p>\n","protected":false},"author":1,"featured_media":0,"parent":0,"menu_order":0,"comment_status":"closed","ping_status":"closed","template":"","meta":{"footnotes":""},"class_list":["post-126","page","type-page","status-publish","hentry"],"_links":{"self":[{"href":"https:\/\/klikkerhunden.dk\/tlinedk\/index.php?rest_route=\/wp\/v2\/pages\/126","targetHints":{"allow":["GET"]}}],"collection":[{"href":"https:\/\/klikkerhunden.dk\/tlinedk\/index.php?rest_route=\/wp\/v2\/pages"}],"about":[{"href":"https:\/\/klikkerhunden.dk\/tlinedk\/index.php?rest_route=\/wp\/v2\/types\/page"}],"author":[{"embeddable":true,"href":"https:\/\/klikkerhunden.dk\/tlinedk\/index.php?rest_route=\/wp\/v2\/users\/1"}],"replies":[{"embeddable":true,"href":"https:\/\/klikkerhunden.dk\/tlinedk\/index.php?rest_route=%2Fwp%2Fv2%2Fcomments&post=126"}],"version-history":[{"count":21,"href":"https:\/\/klikkerhunden.dk\/tlinedk\/index.php?rest_route=\/wp\/v2\/pages\/126\/revisions"}],"predecessor-version":[{"id":460,"href":"https:\/\/klikkerhunden.dk\/tlinedk\/index.php?rest_route=\/wp\/v2\/pages\/126\/revisions\/460"}],"wp:attachment":[{"href":"https:\/\/klikkerhunden.dk\/tlinedk\/index.php?rest_route=%2Fwp%2Fv2%2Fmedia&parent=126"}],"curies":[{"name":"wp","href":"https:\/\/api.w.org\/{rel}","templated":true}]}}