{"id":124,"date":"2020-12-16T12:58:36","date_gmt":"2020-12-16T11:58:36","guid":{"rendered":"https:\/\/klikkerhunden.dk\/tlinedk\/?page_id=124"},"modified":"2023-04-14T10:21:28","modified_gmt":"2023-04-14T08:21:28","slug":"forventninger-til-hvalpekoeberen","status":"publish","type":"page","link":"https:\/\/klikkerhunden.dk\/tlinedk\/?page_id=124","title":{"rendered":"Foruds\u00e6tning for hvalpek\u00f8b &#8211; Tuppence\/Lynx kuldet"},"content":{"rendered":"<p>Med min baggrund som hundetr\u00e6ner og adf\u00e6rdsr\u00e5dgiver er jeg selvf\u00f8lgelig ambiti\u00f8s mht hvilket liv, &#8220;mine&#8221; hvalpe skal leve. \u00a0Derfor er der nogle foruds\u00e6tninger, der skal opfyldes for at k\u00f8be en T-line hvalp\u00a0&#8211; til geng\u00e6ld\u00a0er jeg til r\u00e5dighed med r\u00e5d og d\u00e5d vedr. hvalpen <span style=\"color: #ff0000;\">hele dens liv <\/span>&#8211; og vil g\u00f8re alt hvad jeg kan for at hj\u00e6lpe jer godt p\u00e5 vej.<\/p>\n<ul>\n<li>Hvalpen skal ud i samfundet, ud og m\u00f8de alle de mange indtryk der er i omgivelserne. For at f\u00e5 en tryg og harmonisk hund\u00a0er det meget vigtigt at hvalpen inden for <span style=\"color: #ff0000;\"><em>de f\u00f8rste 16 uger<\/em><\/span> bliver<span style=\"color: #ff0000;\"><em> gradvist og<\/em> <em>forsigtigt<\/em><\/span> tilv\u00e6nnet f.eks. s\u00e5 mange forskellige typer mennesker, gadelarm og hunde mmm &#8211; men uden at overg\u00f8re det, for s\u00e5 risikerer man at g\u00f8re hvalpen frygtsom. Glem alt om lange lister over hvad hvalpen &#8220;b\u00f8r&#8221; uds\u00e6ttes for. Det vigtigste er <strong>tryghed,<\/strong> s\u00e5 hvalpen f\u00e5r det optimistiske livssyn, at alt nyt sikkert er sjovt og godt &#8211; og IKKE farligt.<br \/>\n<span style=\"color: #ff0000;\"><strong><em>\u201dSocialisering handler om at give mange og varierede oplevelser tidligt i livet og sikre, at alle nye oplevelser er gode oplevelser\u201d<\/em><\/strong><strong> (O\u2019Heare. 2007).<\/strong><\/span><\/li>\n<li>Det vigtigste for mig, n\u00e5r jeg skal finde den rigtige familie til en hvalp, er at de nye ejere er engagerede, k\u00e6rlige og interesserede i at yde den indsats der skal til, n\u00e5r man f\u00e5r en energisk hund ind i familien. Hvis det overhovedet er geografisk muligt er det et <em>must<\/em> at deltage i det hvalpehold, I f\u00e5r med i prisen.<\/li>\n<li><strong><span style=\"color: #ff0000;\">Det er en\u00a0<span style=\"caret-color: #ff0000;\">betingede<\/span>\u00a0for salget, at\u00a0hvalpen tr\u00e6nes med KLIKKERTR\u00c6NING<br \/>\n<\/span><\/strong>Det betyder ikke, at jeg regner med, at I allerede har kendskab til og\/eller erfaring i denne tr\u00e6ning, men I skal have lyst til at l\u00e6re det &#8211; s\u00e5 skal jeg nok hj\u00e6lpe jer med det.<\/li>\n<li>Hvalpen skal ikke v\u00e6re alene om natten<\/li>\n<li>Hunde skal tr\u00e6nes hele deres liv for at trives.<br \/>\nMange nybagte hundeejer tror, at bare hvalpen\u00a0har v\u00e6ret p\u00e5 hvalpehold, s\u00e5 beh\u00f8ves den ikke at l\u00e6re mere. Det er helt forkert. Hunde skal have lov at l\u00e6re hele livet.<br \/>\nHvalpen er avlet mhp gode brugsegenskaber, og den b\u00f8r leve et liv med b\u00e5de mental og fysisk stimulation &#8211; med andre ord er det ikke nok, at hunden f\u00e5r en masse motion &#8211; den skal ogs\u00e5 bruge sit gode hovede.<\/li>\n<li>En voksen hund skal have lov at l\u00f8be frit mindst 30 min hver dag.<\/li>\n<li>Hvalpe\/hunde skal have et <span style=\"color: #ff0000;\">ordentligt foder<\/span> og I medgives vejledning heri. Generelt er prisen p\u00e5 hundefoder direkte proportional med kvaliteten. Jeg vejleder gerne i valg af foder. De f\u00f8rste ugers SKAL hvalpen forts\u00e6tte med Puppy &amp; Mom fiskeolie (Nutrisol) for at sikre den bedst mulige udvikling af hjernen.<\/li>\n<li>Det er vigtigt, at hunden regelm\u00e6ssigt bliver tjekket hos jeres dyrl\u00e6ge, bliver vaccineret, f\u00e5r ormekure og behandling mod fl\u00e5ter. S\u00f8rg for at f\u00e5 hvalpen sygeforsikret.<\/li>\n<li>N\u00e6searbejde<br \/>\nKuldet vil blive\u00a0introduceret til sm\u00e5 s\u00f8ge \u00f8velser, allerede mens de er hos mig. Det er\u00a0utroligt vigtigt for hvalpens trivsel, at den f\u00e5 lov til at bruge sin\u00a0n\u00e6se &#8211; OG det er en foruds\u00e6tning for at k\u00f8be en hvalp, at dette arbejde forts\u00e6ttes &#8211; <span style=\"color: #ff0000;\">til stor gl\u00e6de for b\u00e5de hvalp og ejer :<\/span>)<\/li>\n<li>B\u00f8rn<br \/>\nBarn og hund kan have utroligt stor gl\u00e6de af hinanden &#8211; men det kr\u00e6ver overvejelse, og at for\u00e6ldrene er bevidste om, hvordan det skal gribes an.<br \/>\nDet er f.eks. meget vigtig, at <em>alle<\/em> b\u00f8rnene\u00a0er trygge ved hvalpen &#8211; hvis ikke, \u00a0skal I nok\u00a0vente med at k\u00f8be hund, til b\u00f8rnene bliver lidt st\u00f8rre for at undg\u00e5 disharmoni i familien.<br \/>\nDet er en stor opgave at bringe en lille hvalp ind i en b\u00f8rnefamilie &#8211; husk at uanset race <span style=\"color: #ff0000;\">findes der ikke &#8220;b\u00f8rnevenlige&#8221; hvalpe.<\/span><br \/>\nB\u00f8rnene skal v\u00e6re store nok til at kunne l\u00e6re at forst\u00e5, at <strong>hvalpen skal have rigeligt med ro<\/strong> og der ikke skal v\u00e6re for meget aktivitet omkring hvalpen, der skal have sine 19-20 timers s\u00f8vn hver dag.\u00a0Sm\u00e5 b\u00f8rn skal aldrig\u00a0v\u00e6re alene med hvalpe\/hunde og ikke b\u00e6re rundt p\u00e5 hvalpen. B\u00f8rn kan nemt komme til at overskride hvalpen\/hunden gr\u00e6nser &#8211; og det er grunden til, at det specielt er hos b\u00f8rn, der ses hundebid &#8211; og oftest i ansigtet. T\u00e6nk ogs\u00e5 p\u00e5, at legekammerater i hjemmet kan v\u00e6re med til at der er for meget uro omkring hunden.<\/li>\n<li>ALENE HJEMME<br \/>\nJeg forventer. at I er hjemme hos hvalpen de f\u00f8rste 3 uger efter, at den er flyttet hjem til jer. \u00a0S\u00e5 er der god tid til, at hvalpen b\u00e5de n\u00e5r at falde godt til i det nye hjem og til at starte den gradvise tr\u00e6ning i at v\u00e6re alene hjemme.<br \/>\nS\u00f8rg for at l\u00e6re hunden at v\u00e6re alene hjemme, selvom I m\u00e5ske arbejder meget hjemmefra. Pludselig skal I tilbage p\u00e5 arbejdet og s\u00e5 er det vigtigt at hvalpen er parat til at undv\u00e6re jer.<\/li>\n<li>Hvis du af en eller anden grund ikke kan beholde hvalpen skal den leveres tilbage til mig.<\/li>\n<\/ul>\n","protected":false},"excerpt":{"rendered":"<p>Med min baggrund som hundetr\u00e6ner og adf\u00e6rdsr\u00e5dgiver er jeg selvf\u00f8lgelig ambiti\u00f8s mht hvilket liv, &#8220;mine&#8221; hvalpe skal leve. \u00a0Derfor er der nogle foruds\u00e6tninger, der skal opfyldes for at k\u00f8be en T-line hvalp\u00a0&#8211; til geng\u00e6ld\u00a0er jeg til r\u00e5dighed med r\u00e5d og d\u00e5d vedr. hvalpen hele dens liv &#8211; og vil g\u00f8re alt hvad jeg kan for &hellip; <a href=\"https:\/\/klikkerhunden.dk\/tlinedk\/?page_id=124\" class=\"more-link\">L\u00e6s videre<span class=\"screen-reader-text\"> &#8220;Foruds\u00e6tning for hvalpek\u00f8b &#8211; Tuppence\/Lynx kuldet&#8221;<\/span><\/a><\/p>\n","protected":false},"author":1,"featured_media":0,"parent":0,"menu_order":0,"comment_status":"closed","ping_status":"closed","template":"","meta":{"footnotes":""},"class_list":["post-124","page","type-page","status-publish","hentry"],"_links":{"self":[{"href":"https:\/\/klikkerhunden.dk\/tlinedk\/index.php?rest_route=\/wp\/v2\/pages\/124","targetHints":{"allow":["GET"]}}],"collection":[{"href":"https:\/\/klikkerhunden.dk\/tlinedk\/index.php?rest_route=\/wp\/v2\/pages"}],"about":[{"href":"https:\/\/klikkerhunden.dk\/tlinedk\/index.php?rest_route=\/wp\/v2\/types\/page"}],"author":[{"embeddable":true,"href":"https:\/\/klikkerhunden.dk\/tlinedk\/index.php?rest_route=\/wp\/v2\/users\/1"}],"replies":[{"embeddable":true,"href":"https:\/\/klikkerhunden.dk\/tlinedk\/index.php?rest_route=%2Fwp%2Fv2%2Fcomments&post=124"}],"version-history":[{"count":44,"href":"https:\/\/klikkerhunden.dk\/tlinedk\/index.php?rest_route=\/wp\/v2\/pages\/124\/revisions"}],"predecessor-version":[{"id":774,"href":"https:\/\/klikkerhunden.dk\/tlinedk\/index.php?rest_route=\/wp\/v2\/pages\/124\/revisions\/774"}],"wp:attachment":[{"href":"https:\/\/klikkerhunden.dk\/tlinedk\/index.php?rest_route=%2Fwp%2Fv2%2Fmedia&parent=124"}],"curies":[{"name":"wp","href":"https:\/\/api.w.org\/{rel}","templated":true}]}}