{"id":118,"date":"2016-08-06T14:19:06","date_gmt":"2016-08-06T14:19:06","guid":{"rendered":"https:\/\/klikkerhunden.dk\/tlinedk\/?page_id=118"},"modified":"2023-04-14T10:25:02","modified_gmt":"2023-04-14T08:25:02","slug":"hvalpens-foerste-tid-i-det-nye-hjem","status":"publish","type":"page","link":"https:\/\/klikkerhunden.dk\/tlinedk\/?page_id=118","title":{"rendered":"Hvalpens f\u00f8rste tid i det nye hjem"},"content":{"rendered":"<p>Hvalpen m\u00e5 tidligst tages fra deres mor, tidligst n\u00e5r den er 8 uger. I l\u00f8bet af den periode aftaler vi 2-3\u00a0 bes\u00f8g s\u00e5 I kan hilse p\u00e5 hvalpene, Tuppence og mig.<\/p>\n<h6>Det er en stor dag, n\u00e5r man henter sin lille nye hvalp &#8211; det er smart at forberede sig inden&#8230;.<\/h6>\n<p>Den s\u00f8de ventetid &#8211; brug den!\u00a0 Mens I venter p\u00e5, at det lille ny familiemedlem skal flytte ind, vil jeg foresl\u00e5 at I t\u00e6nker p\u00e5 f\u00f8lgende:<\/p>\n<p>&#8211; Et godt navn alle er enige om og kan udtale.<br \/>\n&#8211; Hvor skal hunden sove?<br \/>\n&#8211; Hvem skal lufte hunden om morgenen, efter skoletid, om aftenen?<br \/>\n&#8211; Hvilke kommandoer skal hunden l\u00e6re? <em>Det er ikke gavnligt for indl\u00e6ringen hvis\u00a0 &#8220;mor&#8221;\u00a0siger SIT og D\u00c6K mens\u00a0&#8220;far&#8221;\u00a0siger S\u00c6T DIG NED og L\u00c6G DIG<\/em>.<\/p>\n<p>&#8211; N\u00e5r der er b\u00f8rn i hjemmet: <em>l\u00e6r dem p\u00e5 forh\u00e5nd at hvalpen ikke er et leget\u00f8j, at man ikke m\u00e5 kramme og klemme en hvalp og\u00a0 at sm\u00e5b\u00f8rn ikke\u00a0m\u00e5 b\u00e6re rundt p\u00e5\u00a0 hvalpen. <\/em><\/p>\n<p><em>&#8211; <\/em>Foder: I f\u00e5r hvalpefoder med sammen med hvalpen og opl\u00e6g til den fremtidige fodring. S\u00f8rg altid for et l\u00f8digt foder\u00a0afstemt efter hundens alder og aktivitetsniveau. Det er vigtigere at se p\u00e5 hunden (er den lidt for godt i stand? for tynd?) end p\u00e5\u00a0den vejledning ang\u00e5ende m\u00e6ngden af foder som st\u00e5r\u00a0p\u00e5 foders\u00e6kken<\/p>\n<p>&#8211; Hvordan skal husordenen v\u00e6re? M\u00e5 hunden v\u00e6re ved bordet, n\u00e5r I spiser? M\u00e5 den sove i sengen? Komme op i sofaen?<\/p>\n<p>&#8211; T\u00e6nk over og forbered hvalpens f\u00f8rste dage i det nye hjem: den er blevet fjernet fra sin familie og alt det der hidtil har v\u00e6ret hele dens verden, v\u00e6k er alle de sm\u00e5 legekammerater og moren. Den lille hvalp\u00a0skal have tryghed og ro og har behov for mange timers s\u00f8vn hver dag. \u00a0Lad den l\u00e6re sit nye hjem og have at kende i sm\u00e5 bidder. Hvalpen skal v\u00e6re sammen med jer &#8211; ogs\u00e5 om natten. S\u00f8rg for at have fri de f\u00f8rste mindst tre uger og gradvist at v\u00e6nne hvalpen til at v\u00e6re alene hjemme.<\/p>\n<p>Tr\u00e6ning af hvalpen:<br \/>\nMed i prisen f\u00e5r I hvalpehold med 6 lektioner. Bor I s\u00e5 langt herfra at det ikke kan lade sig g\u00f8re, skal I finde et andet sted at tr\u00e6ne hvalpen. V\u00e6r ude i god tid, der kan v\u00e6re rift om pladserne. I er velkommen til at sp\u00f8rge mig til r\u00e5ds\u00a0vedr\u00f8rende de tr\u00e6ningsmuligheder, der er i jeres n\u00e6romr\u00e5de.<\/p>\n<p>&#8211;<strong> G\u00f8r hjemmet <em>hvalpesikkert<\/em>:<br \/>\n<\/strong>&#8211; ingen ledninger som en lille hvalp med skarpe t\u00e6nder kan komme i n\u00e6rheden af og bide over<br \/>\n&#8211; skarpe ting, sm\u00e5 ting som hvalpen kan sluge og f\u00e5 galt i halsen, giftige ting inkl. medicin og planter i haven<br \/>\n&#8211; lav en plan over hvordan hvalpen gradvist skal introduceres til hus og have &#8211; lidt ad gangen s\u00e5 bliver den mere tryg.<br \/>\n&#8211; sko og andet der dufter sk\u00f8nt af hvalpens k\u00e6re mennesker skal v\u00e6re uden for r\u00e6kkevidde n\u00e5r hunden er alene<br \/>\n&#8211; Og s\u00e5 selvf\u00f8lgelig: mad og sk\u00e5le, halsb\u00e5nd og line<br \/>\n&#8211; Lovpligtig hundeansvarsforsikring<br \/>\n&#8211;\u00a0Meldes til\u00a0hunderegisteret<br \/>\n&#8211; Sygeforsikring af hunden &#8211; det kan ikke betale sig andet<\/p>\n","protected":false},"excerpt":{"rendered":"<p>Hvalpen m\u00e5 tidligst tages fra deres mor, tidligst n\u00e5r den er 8 uger. I l\u00f8bet af den periode aftaler vi 2-3\u00a0 bes\u00f8g s\u00e5 I kan hilse p\u00e5 hvalpene, Tuppence og mig. Det er en stor dag, n\u00e5r man henter sin lille nye hvalp &#8211; det er smart at forberede sig inden&#8230;. Den s\u00f8de ventetid &#8211; &hellip; <a href=\"https:\/\/klikkerhunden.dk\/tlinedk\/?page_id=118\" class=\"more-link\">L\u00e6s videre<span class=\"screen-reader-text\"> &#8220;Hvalpens f\u00f8rste tid i det nye hjem&#8221;<\/span><\/a><\/p>\n","protected":false},"author":1,"featured_media":0,"parent":0,"menu_order":0,"comment_status":"closed","ping_status":"closed","template":"","meta":{"footnotes":""},"class_list":["post-118","page","type-page","status-publish","hentry"],"_links":{"self":[{"href":"https:\/\/klikkerhunden.dk\/tlinedk\/index.php?rest_route=\/wp\/v2\/pages\/118","targetHints":{"allow":["GET"]}}],"collection":[{"href":"https:\/\/klikkerhunden.dk\/tlinedk\/index.php?rest_route=\/wp\/v2\/pages"}],"about":[{"href":"https:\/\/klikkerhunden.dk\/tlinedk\/index.php?rest_route=\/wp\/v2\/types\/page"}],"author":[{"embeddable":true,"href":"https:\/\/klikkerhunden.dk\/tlinedk\/index.php?rest_route=\/wp\/v2\/users\/1"}],"replies":[{"embeddable":true,"href":"https:\/\/klikkerhunden.dk\/tlinedk\/index.php?rest_route=%2Fwp%2Fv2%2Fcomments&post=118"}],"version-history":[{"count":8,"href":"https:\/\/klikkerhunden.dk\/tlinedk\/index.php?rest_route=\/wp\/v2\/pages\/118\/revisions"}],"predecessor-version":[{"id":775,"href":"https:\/\/klikkerhunden.dk\/tlinedk\/index.php?rest_route=\/wp\/v2\/pages\/118\/revisions\/775"}],"wp:attachment":[{"href":"https:\/\/klikkerhunden.dk\/tlinedk\/index.php?rest_route=%2Fwp%2Fv2%2Fmedia&parent=118"}],"curies":[{"name":"wp","href":"https:\/\/api.w.org\/{rel}","templated":true}]}}