{"id":114,"date":"2016-08-06T14:19:31","date_gmt":"2016-08-06T14:19:31","guid":{"rendered":"https:\/\/klikkerhunden.dk\/tlinedk\/?page_id=114"},"modified":"2023-04-14T10:39:04","modified_gmt":"2023-04-14T08:39:04","slug":"koeb-af-hvalp","status":"publish","type":"page","link":"https:\/\/klikkerhunden.dk\/tlinedk\/?page_id=114","title":{"rendered":"K\u00f8b af hvalp"},"content":{"rendered":"<h5>Video af de bittesm\u00e5 hvalpefostre 3 uger gamle:<br \/>\n<a href=\"https:\/\/klikkerhunden.dk\/tlinedk\/wp-content\/uploads\/2016\/08\/5E9A227D-F718-401C-A2C5-DADCE57606D2.mov\">5E9A227D-F718-401C-A2C5-DADCE57606D2<\/a><\/h5>\n<h6><span style=\"color: #ff0000;\">Hvis dit \u00f8nske om en hund er en meget rolig labrador der ikke kr\u00e6ver helt s\u00e5 meget aktivering, skal du nok i stedet for kigge efter en labrador af udstillingstypen.<\/span><\/h6>\n<p>Hvad f\u00e5r man for pengene n\u00e5r man k\u00f8ber en T-line hvalp?<\/p>\n<p>For\u00e6ldrehundene<br \/>\nSundhed: For\u00e6ldrehunde med bedst mulige hofter (A-hofter) og albuer (0\/0) alts\u00e5 den bedst mulige\u00a0garanti for at undg\u00e5 medf\u00f8dt hofteled- og albuedysplasi og desuden er de\u00a0\u00f8jenunders\u00f8gte og fri for arvelige \u00f8jensygdomme.\u00a0De er testet fri \/er frie p.gr.a. for\u00e6ldrenes status for\u00a0en r\u00e6kke genetiske lidelser jvnf. anbefalinger for racen.<\/p>\n<p>Mentalt: For\u00e6ldrehundene dygtige hundesportshunde til henholdsvis lydighed og markpr\u00f8ve og samtidigt k\u00e6rlige familiehunde. De er kvikke, aktive, intelligente og lynhurtigt opfattende :).<\/p>\n<p>Hvalpen<br \/>\nHvalpen er opvokset indend\u00f8rs\u00a0i hjemmet,\u00a0er socialiseret til mennesker og b\u00f8rn, v\u00e6nnet til alle lyde der indg\u00e5r i\u00a0en husholdning, tr\u00e6net i ro, k\u00f8rt i bil, l\u00e6rt at f\u00e5 halsb\u00e5nd og sele p\u00e5, g\u00e5et tur i snor, klikkertr\u00e6net (kontakt, snudedut, potetarget), l\u00e6rt at f\u00e5 klippet kl\u00f8r, renlighedstr\u00e6net, l\u00e6rt at lege med leget\u00f8j, tr\u00e6net i indkald og den f\u00f8rste sp\u00e6de sportr\u00e6ning og har f\u00e5et den f\u00f8rste tr\u00e6ning i apportering.<\/p>\n<p>N\u00e5r I henter hvalpen er den stambogsf\u00f8rt i Dansk Kennel Klub, chippet, vaccineret, har f\u00e5et ormekur og I f\u00e5r en dyrl\u00e6geattest p\u00e5, at hvalpen er sund og rask.<\/p>\n<p><span style=\"color: #990000;\">Med i prisen er hvalpetr\u00e6ning, der er obligatorisk hvis det overhovedet er geografisk muligt at deltage. Vi starter, n\u00e5r hvalpene er 10 uger gamle.\u00a0\u00a0Vi har desuden tradition for &#8220;hvalpetr\u00e6f&#8221;\u00a0 under hyggelige former.<\/span><\/p>\n<p>Der bliver oprettet en FB-gruppe til hvalpek\u00f8berne med l\u00f8bende opdateringer fra hvalpekassen og omegn. N\u00e5r I henter hvalpen, f\u00e5r I &#8220;Hvalpebog&#8221; med gode r\u00e5d blandt andet med hensyn til vaccinationsprogram for baby-hunde, kostvejleding, tr\u00e6ning, sp\u00e6ndende artikler samt lidt af det hvalpefoder, hvalpen er vant til. Selvf\u00f8lgelig kan I altid ringe og sp\u00f8rge, hvis der er noget I er i tvivl om med hvalpen.<\/p>\n<p>Det \u00f8konomiske<br \/>\nHvalpen koster 12.500 kr. inkl. moms der betales via min bank.<br \/>\nDer bliver udf\u00e6rdiget en K\u00f8bekontrakt (Dansk Kennel Klubs).<br \/>\n<span style=\"color: #ff0000;\">Handlen er f\u00f8rst endelig n\u00e5r begge parter har underskrevet k\u00f8bsaftalen.<\/span><\/p>\n<p><span style=\"color: #ff0000;\">Materiale, der udleveres til hvalpek\u00f8berne: Stambog, dyrl\u00e6geattest, t\u00e6ppe der dufter af mor og &#8220;mappe&#8221; med gode r\u00e5d om hvalpens f\u00f8rste tid m.m. m<\/span>.<\/p>\n<p>DE F\u00d8RSTE\u00a08 UGER:<\/p>\n<p>Hvalpens f\u00f8rste 8 uger &#8211; en vigtig tid. S\u00e5dan foreg\u00e5r det i Kennel T-line:<\/p>\n<p>I de f\u00f8rste 4 ugers tid opholder hvalpen sig mest i hvalpekassen sammen med Tuppence. Hvalpekassen\u00a0er\u00a0i stuen s\u00e5 hvalpene er i n\u00e6rheden af\u00a0mennesker, men samtidigt skal der ikke v\u00e6re for meget uro.<br \/>\nHvalpene\u00a0vil hver dag &#8220;v\u00e6re i h\u00e6nder&#8221;, \u00a0s\u00e5 de v\u00e6nner sig til, at vi mennesker er en del af deres verden. De vil m\u00f8de b\u00e5de voksne og b\u00f8rn. De vil v\u00e6re v\u00e6nnet til de almindelig lyde i huset som stemmer, st\u00f8vsuger osv.<\/p>\n<p>Selvom man som hvalpek\u00f8ber er helt syg efter at komme p\u00e5 bes\u00f8g, sker det f\u00f8rst n\u00e5r hvalpene er fyldt 3 uger. Det er for at beskytte de sm\u00e5 mod uds\u00e6ttelse for infektion og un\u00f8dvendig stress p\u00e5 et s\u00e5rbart tidspunkt i deres liv.<\/p>\n<p>Fra 4. uge er hvalpene s\u00e5 mobile og nysgerrige, at de skal ud og opleve, l\u00e6re og stimuleres. De vil komme i &#8220;legestue&#8221; rundt om i huset, og de kommer i haven p\u00e5 sm\u00e5 ture, hvis vejret tillader det. Hvalpen vil komme ud i den udend\u00f8rs &#8220;legestue&#8221; hvor der bliver sat forskellige ting op som de kan lege med og er med til at stimulere dem mentalt og til at udvikle deres motorik.<\/p>\n<p>S\u00e5 snart de sm\u00e5 kan st\u00e5 p\u00e5 egne poter starter renlighedstr\u00e6ningen &#8211; i starten p\u00e5 et afgr\u00e6nset omr\u00e5de i den indend\u00f8rs hvalpeg\u00e5rd &#8211; senere l\u00e6rer de, at &#8220;sige til&#8221;, n\u00e5r de skal ud og lette sig.<\/p>\n<p>Hvalpene g\u00e5r gradvist over til fast f\u00f8de. N\u00e5r de skal have mad pifter jeg et bestemt signal &#8211; det er den f\u00f8rste tr\u00e6ning i hjemkald. Inden de forlader Kennel T-line har vi &#8220;leget&#8221; apportering med dem. De bliver v\u00e6nnet til bilen og kommer ud og k\u00f8re. De er ogs\u00e5 blevet tilv\u00e6nnet til halsb\u00e5nd og sele og har v\u00e6ret ude og g\u00e5 sm\u00e5 ture p\u00e5 (n\u00e6sten) egen pote. De vil s\u00e5 sm\u00e5t blive tr\u00e6net i at kunne v\u00e6re alene.<\/p>\n<p>Fra de er ca. 5 uger vil de\u00a0blive klikkertr\u00e6net (kontakt, snudedut, potetarget).<\/p>\n<p>7 uger gamle vil jeg beslutte den endelige fordeling af hvalpene til hvalpek\u00f8berene. P\u00e5 dette tidspunkt vil de ogs\u00e5 blive dyrl\u00e6geunders\u00f8gt og chippet og registreret i Dansk Kennelklub.<\/p>\n<p>&nbsp;<\/p>\n<p>&nbsp;<\/p>\n","protected":false},"excerpt":{"rendered":"<p>Video af de bittesm\u00e5 hvalpefostre 3 uger gamle: 5E9A227D-F718-401C-A2C5-DADCE57606D2 Hvis dit \u00f8nske om en hund er en meget rolig labrador der ikke kr\u00e6ver helt s\u00e5 meget aktivering, skal du nok i stedet for kigge efter en labrador af udstillingstypen. Hvad f\u00e5r man for pengene n\u00e5r man k\u00f8ber en T-line hvalp? For\u00e6ldrehundene Sundhed: For\u00e6ldrehunde med bedst &hellip; <a href=\"https:\/\/klikkerhunden.dk\/tlinedk\/?page_id=114\" class=\"more-link\">L\u00e6s videre<span class=\"screen-reader-text\"> &#8220;K\u00f8b af hvalp&#8221;<\/span><\/a><\/p>\n","protected":false},"author":1,"featured_media":0,"parent":0,"menu_order":0,"comment_status":"closed","ping_status":"closed","template":"","meta":{"footnotes":""},"class_list":["post-114","page","type-page","status-publish","hentry"],"_links":{"self":[{"href":"https:\/\/klikkerhunden.dk\/tlinedk\/index.php?rest_route=\/wp\/v2\/pages\/114","targetHints":{"allow":["GET"]}}],"collection":[{"href":"https:\/\/klikkerhunden.dk\/tlinedk\/index.php?rest_route=\/wp\/v2\/pages"}],"about":[{"href":"https:\/\/klikkerhunden.dk\/tlinedk\/index.php?rest_route=\/wp\/v2\/types\/page"}],"author":[{"embeddable":true,"href":"https:\/\/klikkerhunden.dk\/tlinedk\/index.php?rest_route=\/wp\/v2\/users\/1"}],"replies":[{"embeddable":true,"href":"https:\/\/klikkerhunden.dk\/tlinedk\/index.php?rest_route=%2Fwp%2Fv2%2Fcomments&post=114"}],"version-history":[{"count":28,"href":"https:\/\/klikkerhunden.dk\/tlinedk\/index.php?rest_route=\/wp\/v2\/pages\/114\/revisions"}],"predecessor-version":[{"id":781,"href":"https:\/\/klikkerhunden.dk\/tlinedk\/index.php?rest_route=\/wp\/v2\/pages\/114\/revisions\/781"}],"wp:attachment":[{"href":"https:\/\/klikkerhunden.dk\/tlinedk\/index.php?rest_route=%2Fwp%2Fv2%2Fmedia&parent=114"}],"curies":[{"name":"wp","href":"https:\/\/api.w.org\/{rel}","templated":true}]}}